{"id":40,"date":"2016-12-19T15:09:40","date_gmt":"2016-12-19T14:09:40","guid":{"rendered":"http:\/\/paul-voormann.com\/?page_id=40"},"modified":"2025-09-10T15:34:19","modified_gmt":"2025-09-10T13:34:19","slug":"unternehmen","status":"publish","type":"page","link":"https:\/\/paul-voormann.com\/de\/unternehmen\/","title":{"rendered":"Unternehmen"},"content":{"rendered":"<p>[et_pb_section fb_built=&#8220;1&#8243; _builder_version=&#8220;4.16&#8243; background_image=&#8220;https:\/\/paul-voormann.com\/wp-content\/uploads\/2016\/12\/pv_haendewaschen-3.jpg&#8220; background_last_edited=&#8220;on|phone&#8220; background_image_phone=&#8220;https:\/\/paul-voormann.com\/wp-content\/uploads\/2021\/03\/20210223_PV_unternehmen_visual_mobile.jpg&#8220; background_enable_image_phone=&#8220;on&#8220; custom_css_main_element=&#8220;height:400px;&#8220; transparent_background=&#8220;off&#8220; make_fullwidth=&#8220;off&#8220; use_custom_width=&#8220;off&#8220; width_unit=&#8220;on&#8220; global_colors_info=&#8220;{}&#8220;][et_pb_row _builder_version=&#8220;4.27.2&#8243; background_size=&#8220;initial&#8220; background_position=&#8220;top_left&#8220; background_repeat=&#8220;repeat&#8220; global_colors_info=&#8220;{}&#8220;][et_pb_column type=&#8220;4_4&#8243; _builder_version=&#8220;4.16&#8243; custom_padding=&#8220;|||&#8220; global_colors_info=&#8220;{}&#8220; custom_padding__hover=&#8220;|||&#8220;][\/et_pb_column][\/et_pb_row][\/et_pb_section][et_pb_section fb_built=&#8220;1&#8243; module_class=&#8220;corp-values&#8220; _builder_version=&#8220;4.16&#8243; custom_padding=&#8220;50px|||&#8220; transparent_background=&#8220;off&#8220; make_fullwidth=&#8220;off&#8220; use_custom_width=&#8220;off&#8220; width_unit=&#8220;on&#8220; global_colors_info=&#8220;{}&#8220;][et_pb_row column_padding_mobile=&#8220;on&#8220; _builder_version=&#8220;4.16&#8243; background_size=&#8220;initial&#8220; background_position=&#8220;top_left&#8220; background_repeat=&#8220;repeat&#8220; custom_margin=&#8220;||0px||false|false&#8220; custom_padding=&#8220;||0.5rem||false|false&#8220; make_fullwidth=&#8220;off&#8220; use_custom_width=&#8220;off&#8220; width_unit=&#8220;on&#8220; global_colors_info=&#8220;{}&#8220;][et_pb_column type=&#8220;4_4&#8243; _builder_version=&#8220;4.16&#8243; custom_padding=&#8220;|||&#8220; global_colors_info=&#8220;{}&#8220; custom_padding__hover=&#8220;|||&#8220;][et_pb_text _builder_version=&#8220;4.16&#8243; background_size=&#8220;initial&#8220; background_position=&#8220;top_left&#8220; background_repeat=&#8220;repeat&#8220; text_orientation=&#8220;right&#8220; use_border_color=&#8220;off&#8220; border_color=&#8220;#ffffff&#8220; border_style=&#8220;solid&#8220; global_colors_info=&#8220;{}&#8220;]<\/p>\n<h1 style=\"color: #333333; text-align: center;\">VERTRAUEN IN QUALIT\u00c4T<\/h1>\n<h3 style=\"color: #333333; text-align: center;\">Zum Schutz Ihrer Haut<\/h3>\n<p>[\/et_pb_text][\/et_pb_column][\/et_pb_row][et_pb_row column_structure=&#8220;1_2,1_2&#8243; padding_mobile=&#8220;off&#8220; column_padding_mobile=&#8220;on&#8220; _builder_version=&#8220;4.16&#8243; background_size=&#8220;initial&#8220; background_position=&#8220;top_left&#8220; background_repeat=&#8220;repeat&#8220; custom_padding=&#8220;3%||3%|&#8220; global_colors_info=&#8220;{}&#8220;][et_pb_column type=&#8220;1_2&#8243; _builder_version=&#8220;4.16&#8243; custom_padding=&#8220;|||&#8220; global_colors_info=&#8220;{}&#8220; custom_padding__hover=&#8220;|||&#8220;][et_pb_text _builder_version=&#8220;4.23.1&#8243; background_size=&#8220;initial&#8220; background_position=&#8220;top_left&#8220; background_repeat=&#8220;repeat&#8220; use_border_color=&#8220;off&#8220; border_color=&#8220;#ffffff&#8220; border_style=&#8220;solid&#8220; global_colors_info=&#8220;{}&#8220;]<\/p>\n<p>Aus der Erfahrung und Entwicklungsarbeit von \u00fcber 55 Jahren resultiert die Kompetenz der Paul Voormann GmbH mit unseren leistungsstarken Produkten f\u00fcr den professionellen Hautschutz.<\/p>\n<p>Wir sind ein 3. Generation gef\u00fchrtes Familienunternehmen und stellen uns den wechselnden Anforderungen der heutigen Arbeitswelt mit kontinuierlicher Innovation und Weiterentwicklung von Produkten und Prozessen. Von der Entwicklung, Herstellung und Abf\u00fcllung bis hin zur Qualit\u00e4tssicherung und Lagerung &#8211; alle Schritte erfolgen an unserem Standort in Velbert (mit Ausnahme einiger Handelswaren).<\/p>\n<p>Unser Hautschutzprogramm mit dem \u00fcbersichtlichen Punktesystem beinhaltet individuelle und als Produktkombination besonders wirksame L\u00f6sungen aus dem Bereich Hautschutz, Hautreinigung und Hautpflege f\u00fcr die verschiedensten Anwendungsbereiche in Industrie, Handwerk und weiteren gewerblichen sowie \u00f6ffentlichen Bereichen.<\/p>\n<p>[\/et_pb_text][et_pb_image src=&#8220;https:\/\/paul-voormann.com\/wp-content\/uploads\/2016\/12\/pv_programm_punkte.png&#8220; align=&#8220;center&#8220; align_tablet=&#8220;center&#8220; align_phone=&#8220;&#8220; align_last_edited=&#8220;on|desktop&#8220; _builder_version=&#8220;4.21.0&#8243; use_border_color=&#8220;off&#8220; border_color=&#8220;#ffffff&#8220; border_style=&#8220;solid&#8220; animation=&#8220;off&#8220; sticky=&#8220;off&#8220; always_center_on_mobile=&#8220;on&#8220; global_colors_info=&#8220;{}&#8220;][\/et_pb_image][et_pb_text _builder_version=&#8220;4.23.1&#8243; background_size=&#8220;initial&#8220; background_position=&#8220;top_left&#8220; background_repeat=&#8220;repeat&#8220; use_border_color=&#8220;off&#8220; border_color=&#8220;#ffffff&#8220; border_style=&#8220;solid&#8220; global_colors_info=&#8220;{}&#8220;]<\/p>\n<p>Im Mittelpunkt steht dabei die Akzeptanz und Vertr\u00e4glichkeit unserer Produkte f\u00fcr Menschen und Umwelt. Die Auswahl der verwendeten Rohstoffe erfolgt sehr sorgf\u00e4ltig und nach hohen Qualit\u00e4tskriterien.<\/p>\n<p>[\/et_pb_text][\/et_pb_column][et_pb_column type=&#8220;1_2&#8243; _builder_version=&#8220;4.16&#8243; custom_padding=&#8220;|||&#8220; global_colors_info=&#8220;{}&#8220; custom_padding__hover=&#8220;|||&#8220;][et_pb_text _builder_version=&#8220;4.23.1&#8243; background_size=&#8220;initial&#8220; background_position=&#8220;top_left&#8220; background_repeat=&#8220;repeat&#8220; use_border_color=&#8220;off&#8220; border_color=&#8220;#ffffff&#8220; border_style=&#8220;solid&#8220; global_colors_info=&#8220;{}&#8220;]<\/p>\n<p>Das gesamte Produktprogramm wird gem\u00e4\u00df GMP (Good Manufacturing Practice) hergestellt und unterliegt einer st\u00e4ndigen Qualit\u00e4tssicherheitskontrolle.<\/p>\n<p>Das unabh\u00e4ngige dermatologische Institut Dermatest in M\u00fcnster best\u00e4tigt uns schon seit vielen Jahren den hohen Qualit\u00e4tsstandard unserer Produkte. Ausgew\u00e4hlte Produkte werden zudem gezielt an sensibler Haut getestet.<\/p>\n<p>Zudem f\u00fchren wir ein breites Sortiment an modernen Spendersystem-L\u00f6sungen f\u00fcr Werkstatt, Industrie und Waschraum, die wir zum Teil selbst entwickelt haben.<\/p>\n<p>[\/et_pb_text][et_pb_text _builder_version=&#8220;4.23.1&#8243; background_size=&#8220;initial&#8220; background_position=&#8220;top_left&#8220; background_repeat=&#8220;repeat&#8220; use_border_color=&#8220;off&#8220; border_color=&#8220;#ffffff&#8220; border_style=&#8220;solid&#8220; global_colors_info=&#8220;{}&#8220;]<\/p>\n<p>Die Themen Umweltschutz und Nachhaltigkeit liegen uns besonders am Herzen. Detaillierte Informationen zu den Aktivit\u00e4ten sind im separaten Bereich \u201eUnsere Nachhaltigkeit\u201c zu finden.<\/p>\n<p>Unser Unternehmen ist nach DIN EN ISO 9001:2015 zertifiziert und wir sind Mitglied in namhaften deutschen Verb\u00e4nden der Bereiche Chemie, Kosmetik und Arbeitsschutz.<\/p>\n<p>Wir verbinden ein hohes Ma\u00df an Service und Flexibilit\u00e4t mit unseren Unternehmenswerten Loyalit\u00e4t und Verl\u00e4sslichkeit. Daraus resultiert das Vertrauen unserer Kunden und Handelspartner auf der ganzen Welt.<\/p>\n<p>[\/et_pb_text][\/et_pb_column][\/et_pb_row][et_pb_row _builder_version=&#8220;4.23.1&#8243; _module_preset=&#8220;default&#8220; global_colors_info=&#8220;{}&#8220;][et_pb_column type=&#8220;4_4&#8243; _builder_version=&#8220;4.23.1&#8243; _module_preset=&#8220;default&#8220; global_colors_info=&#8220;{}&#8220;][et_pb_video src=&#8220;https:\/\/paul-voormann.com\/wp-content\/uploads\/2023\/11\/paul-voormann_web_v_2.mp4&#8243; _builder_version=&#8220;4.23.1&#8243; _module_preset=&#8220;default&#8220; width=&#8220;90%&#8220; module_alignment=&#8220;center&#8220; global_colors_info=&#8220;{}&#8220;][\/et_pb_video][\/et_pb_column][\/et_pb_row][\/et_pb_section][et_pb_section fb_built=&#8220;1&#8243; custom_padding_last_edited=&#8220;on|desktop&#8220; _builder_version=&#8220;3.0.95&#8243; background_image=&#8220;https:\/\/paul-voormann.com\/wp-content\/uploads\/2016\/12\/pv_water_bubble_background_schutz.jpg&#8220; custom_padding_tablet=&#8220;50px|0|50px|0&#8243; custom_padding_phone=&#8220;&#8220; global_module=&#8220;2341&#8243; global_colors_info=&#8220;{}&#8220;][et_pb_row _builder_version=&#8220;4.16&#8243; background_size=&#8220;initial&#8220; background_position=&#8220;top_left&#8220; background_repeat=&#8220;repeat&#8220; global_colors_info=&#8220;{}&#8220;][et_pb_column type=&#8220;4_4&#8243; _builder_version=&#8220;4.16&#8243; custom_padding=&#8220;|||&#8220; global_colors_info=&#8220;{}&#8220; custom_padding__hover=&#8220;|||&#8220;][et_pb_text _builder_version=&#8220;4.16&#8243; background_size=&#8220;initial&#8220; background_position=&#8220;top_left&#8220; background_repeat=&#8220;repeat&#8220; text_orientation=&#8220;center&#8220; background_layout=&#8220;dark&#8220; module_alignment=&#8220;center&#8220; global_colors_info=&#8220;{}&#8220;]<\/p>\n<h2><em>\u201eNUR DER SAUBERE WIRD WISSEN, DASS DIE HAUT EINE SEELE HAT.\u201c<\/em><\/h2>\n<p>[\/et_pb_text][et_pb_text _builder_version=&#8220;4.16&#8243; background_size=&#8220;initial&#8220; background_position=&#8220;top_left&#8220; background_repeat=&#8220;repeat&#8220; text_orientation=&#8220;center&#8220; background_layout=&#8220;dark&#8220; module_alignment=&#8220;center&#8220; global_colors_info=&#8220;{}&#8220;]<\/p>\n<p>Carl Ludwig Schleich<\/p>\n<p>[\/et_pb_text][\/et_pb_column][\/et_pb_row][\/et_pb_section][et_pb_section fb_built=&#8220;1&#8243; _builder_version=&#8220;3.22&#8243; transparent_background=&#8220;off&#8220; make_fullwidth=&#8220;off&#8220; use_custom_width=&#8220;off&#8220; width_unit=&#8220;on&#8220; global_module=&#8220;1396&#8243; global_colors_info=&#8220;{}&#8220;][et_pb_row column_structure=&#8220;1_4,1_4,1_4,1_4&#8243; _builder_version=&#8220;4.16&#8243; background_size=&#8220;initial&#8220; background_position=&#8220;top_left&#8220; background_repeat=&#8220;repeat&#8220; global_colors_info=&#8220;{}&#8220;][et_pb_column type=&#8220;1_4&#8243; _builder_version=&#8220;4.16&#8243; custom_padding=&#8220;|||&#8220; global_colors_info=&#8220;{}&#8220; custom_padding__hover=&#8220;|||&#8220;][et_pb_image src=&#8220;https:\/\/paul-voormann.com\/wp-content\/uploads\/2018\/01\/bvh.png&#8220; alt=&#8220;BVH Logo&#8220; title_text=&#8220;bvh&#8220; align=&#8220;center&#8220; align_tablet=&#8220;center&#8220; align_phone=&#8220;&#8220; align_last_edited=&#8220;on|desktop&#8220; _builder_version=&#8220;4.16&#8243; max_width=&#8220;120px&#8220; custom_margin=&#8220;||30px|&#8220; always_center_on_mobile=&#8220;on&#8220; global_colors_info=&#8220;{}&#8220;][\/et_pb_image][et_pb_text _builder_version=&#8220;4.16&#8243; background_size=&#8220;initial&#8220; background_position=&#8220;top_left&#8220; background_repeat=&#8220;repeat&#8220; text_orientation=&#8220;center&#8220; module_alignment=&#8220;center&#8220; global_colors_info=&#8220;{}&#8220;]<\/p>\n<p style=\"text-align: center;\"><strong>BVH<br \/>\n<\/strong>Bundesverband<br \/>\nHautschutz<\/p>\n<p>[\/et_pb_text][\/et_pb_column][et_pb_column type=&#8220;1_4&#8243; _builder_version=&#8220;4.16&#8243; custom_padding=&#8220;|||&#8220; global_colors_info=&#8220;{}&#8220; custom_padding__hover=&#8220;|||&#8220;][et_pb_image src=&#8220;https:\/\/paul-voormann.com\/wp-content\/uploads\/2018\/01\/vci.png&#8220; alt=&#8220;VCI Logo&#8220; title_text=&#8220;VCI&#8220; align=&#8220;center&#8220; align_tablet=&#8220;center&#8220; align_phone=&#8220;&#8220; align_last_edited=&#8220;on|desktop&#8220; _builder_version=&#8220;4.16&#8243; max_width=&#8220;120px&#8220; custom_margin=&#8220;||30px|&#8220; always_center_on_mobile=&#8220;on&#8220; global_colors_info=&#8220;{}&#8220;][\/et_pb_image][et_pb_text _builder_version=&#8220;4.16&#8243; background_size=&#8220;initial&#8220; background_position=&#8220;top_left&#8220; background_repeat=&#8220;repeat&#8220; text_orientation=&#8220;center&#8220; module_alignment=&#8220;center&#8220; global_colors_info=&#8220;{}&#8220;]<\/p>\n<p style=\"text-align: center;\"><strong>VCI<br \/>\n<\/strong>Verband<br \/>\nChemische Industrie<\/p>\n<p>[\/et_pb_text][\/et_pb_column][et_pb_column type=&#8220;1_4&#8243; _builder_version=&#8220;4.16&#8243; custom_padding=&#8220;|||&#8220; global_colors_info=&#8220;{}&#8220; custom_padding__hover=&#8220;|||&#8220;][et_pb_image src=&#8220;https:\/\/paul-voormann.com\/wp-content\/uploads\/2018\/01\/vdsi_mvl.png&#8220; alt=&#8220;VDSI Logo&#8220; title_text=&#8220;vdsi_mvl&#8220; align=&#8220;center&#8220; align_tablet=&#8220;center&#8220; align_phone=&#8220;&#8220; align_last_edited=&#8220;on|desktop&#8220; _builder_version=&#8220;4.16&#8243; max_width=&#8220;120px&#8220; custom_margin=&#8220;||30px|&#8220; always_center_on_mobile=&#8220;on&#8220; global_colors_info=&#8220;{}&#8220;][\/et_pb_image][et_pb_text _builder_version=&#8220;4.16&#8243; background_size=&#8220;initial&#8220; background_position=&#8220;top_left&#8220; background_repeat=&#8220;repeat&#8220; text_orientation=&#8220;center&#8220; module_alignment=&#8220;center&#8220; global_colors_info=&#8220;{}&#8220;]<\/p>\n<p style=\"text-align: center;\"><strong>VDSI<\/strong><br \/>\nVerband Deutscher Sicherheitsingenieure<\/p>\n<p>[\/et_pb_text][\/et_pb_column][et_pb_column type=&#8220;1_4&#8243; _builder_version=&#8220;4.16&#8243; custom_padding=&#8220;|||&#8220; global_colors_info=&#8220;{}&#8220; custom_padding__hover=&#8220;|||&#8220;][et_pb_image src=&#8220;https:\/\/paul-voormann.com\/wp-content\/uploads\/2018\/01\/ikw_mvl.png&#8220; alt=&#8220;IKW Logo&#8220; title_text=&#8220;ikw_mvl&#8220; align=&#8220;center&#8220; align_tablet=&#8220;center&#8220; align_phone=&#8220;&#8220; align_last_edited=&#8220;on|desktop&#8220; _builder_version=&#8220;4.16&#8243; max_width=&#8220;120px&#8220; custom_margin=&#8220;||30px|&#8220; always_center_on_mobile=&#8220;on&#8220; global_colors_info=&#8220;{}&#8220;][\/et_pb_image][et_pb_text _builder_version=&#8220;4.16&#8243; background_size=&#8220;initial&#8220; background_position=&#8220;top_left&#8220; background_repeat=&#8220;repeat&#8220; text_orientation=&#8220;center&#8220; module_alignment=&#8220;center&#8220; global_colors_info=&#8220;{}&#8220;]<\/p>\n<p style=\"text-align: center;\"><strong>IKW<\/strong><br \/>\nIndustrieverband K\u00f6rperpflege &amp; Waschmittel<\/p>\n<p>[\/et_pb_text][\/et_pb_column][\/et_pb_row][\/et_pb_section]<\/p>\n","protected":false},"excerpt":{"rendered":"<p>VERTRAUEN IN QUALIT\u00c4T Zum Schutz Ihrer Haut Aus der Erfahrung und Entwicklungsarbeit von \u00fcber 55 Jahren resultiert die Kompetenz der Paul Voormann GmbH mit unseren leistungsstarken Produkten f\u00fcr den professionellen Hautschutz. Wir sind ein 3. Generation gef\u00fchrtes Familienunternehmen und stellen uns den wechselnden Anforderungen der heutigen Arbeitswelt mit kontinuierlicher Innovation und Weiterentwicklung von Produkten und [&hellip;]<\/p>\n","protected":false},"author":6,"featured_media":0,"parent":0,"menu_order":0,"comment_status":"closed","ping_status":"closed","template":"","meta":{"_et_pb_use_builder":"on","_et_pb_old_content":"","_et_gb_content_width":"","footnotes":""},"class_list":["post-40","page","type-page","status-publish","hentry"],"yoast_head":"<!-- This site is optimized with the Yoast SEO plugin v23.7 - https:\/\/yoast.com\/wordpress\/plugins\/seo\/ -->\n<title>55 Jahre professioneller Hautschutz von Paul Voormann<\/title>\n<meta name=\"description\" content=\"55 Jahre Erfahrung und Kompetenz. Paul Voormann bietet professionelle Produkte f\u00fcr Hautschutz, Hautreinigung und Hautpflege.\" \/>\n<meta name=\"robots\" content=\"index, follow, max-snippet:-1, max-image-preview:large, max-video-preview:-1\" \/>\n<link rel=\"canonical\" href=\"https:\/\/paul-voormann.com\/de\/unternehmen\/\" \/>\n<meta property=\"og:locale\" content=\"de_DE\" \/>\n<meta property=\"og:type\" content=\"article\" \/>\n<meta property=\"og:title\" content=\"50 Jahre professioneller Hautschutz | Paul Voormann\" \/>\n<meta property=\"og:description\" content=\"\u00dcber 50 Jahre Erfahrung und Kompetenz. Die Paul Voormann GmbH bietet leistungsstarke Produkte f\u00fcr den professionellen Hautschutz.\" \/>\n<meta property=\"og:url\" content=\"https:\/\/paul-voormann.com\/de\/unternehmen\/\" \/>\n<meta property=\"og:site_name\" content=\"Paul Voormann GmbH\" \/>\n<meta property=\"article:modified_time\" content=\"2025-09-10T13:34:19+00:00\" \/>\n<meta name=\"twitter:card\" content=\"summary_large_image\" \/>\n<meta name=\"twitter:title\" content=\"50 Jahre professioneller Hautschutz | Paul Voormann\" \/>\n<meta name=\"twitter:description\" content=\"\u00dcber 50 Jahre Erfahrung und Kompetenz. Die Paul Voormann GmbH bietet leistungsstarke Produkte f\u00fcr den professionellen Hautschutz.\" \/>\n<meta name=\"twitter:label1\" content=\"Gesch\u00e4tzte Lesezeit\" \/>\n\t<meta name=\"twitter:data1\" content=\"3 Minuten\" \/>\n<script type=\"application\/ld+json\" class=\"yoast-schema-graph\">{\"@context\":\"https:\/\/schema.org\",\"@graph\":[{\"@type\":\"WebPage\",\"@id\":\"https:\/\/paul-voormann.com\/de\/unternehmen\/\",\"url\":\"https:\/\/paul-voormann.com\/de\/unternehmen\/\",\"name\":\"55 Jahre professioneller Hautschutz von Paul Voormann\",\"isPartOf\":{\"@id\":\"https:\/\/paul-voormann.com\/de\/#website\"},\"datePublished\":\"2016-12-19T14:09:40+00:00\",\"dateModified\":\"2025-09-10T13:34:19+00:00\",\"description\":\"55 Jahre Erfahrung und Kompetenz. Paul Voormann bietet professionelle Produkte f\u00fcr Hautschutz, Hautreinigung und Hautpflege.\",\"breadcrumb\":{\"@id\":\"https:\/\/paul-voormann.com\/de\/unternehmen\/#breadcrumb\"},\"inLanguage\":\"de-DE\",\"potentialAction\":[{\"@type\":\"ReadAction\",\"target\":[\"https:\/\/paul-voormann.com\/de\/unternehmen\/\"]}]},{\"@type\":\"BreadcrumbList\",\"@id\":\"https:\/\/paul-voormann.com\/de\/unternehmen\/#breadcrumb\",\"itemListElement\":[{\"@type\":\"ListItem\",\"position\":1,\"name\":\"Startseite\",\"item\":\"https:\/\/paul-voormann.com\/de\/\"},{\"@type\":\"ListItem\",\"position\":2,\"name\":\"Unternehmen\"}]},{\"@type\":\"WebSite\",\"@id\":\"https:\/\/paul-voormann.com\/de\/#website\",\"url\":\"https:\/\/paul-voormann.com\/de\/\",\"name\":\"Paul Voormann GmbH\",\"description\":\"Zum Schutz Ihrer Haut\",\"publisher\":{\"@id\":\"https:\/\/paul-voormann.com\/de\/#organization\"},\"potentialAction\":[{\"@type\":\"SearchAction\",\"target\":{\"@type\":\"EntryPoint\",\"urlTemplate\":\"https:\/\/paul-voormann.com\/de\/?s={search_term_string}\"},\"query-input\":{\"@type\":\"PropertyValueSpecification\",\"valueRequired\":true,\"valueName\":\"search_term_string\"}}],\"inLanguage\":\"de-DE\"},{\"@type\":\"Organization\",\"@id\":\"https:\/\/paul-voormann.com\/de\/#organization\",\"name\":\"Paul Voormann GmbH\",\"url\":\"https:\/\/paul-voormann.com\/de\/\",\"logo\":{\"@type\":\"ImageObject\",\"inLanguage\":\"de-DE\",\"@id\":\"https:\/\/paul-voormann.com\/de\/#\/schema\/logo\/image\/\",\"url\":\"https:\/\/paul-voormann.com\/wp-content\/uploads\/2021\/02\/paulvoormann_logo_full_pfade-2.png\",\"contentUrl\":\"https:\/\/paul-voormann.com\/wp-content\/uploads\/2021\/02\/paulvoormann_logo_full_pfade-2.png\",\"width\":512,\"height\":78,\"caption\":\"Paul Voormann GmbH\"},\"image\":{\"@id\":\"https:\/\/paul-voormann.com\/de\/#\/schema\/logo\/image\/\"}}]}<\/script>\n<!-- \/ Yoast SEO plugin. -->","yoast_head_json":{"title":"55 Jahre professioneller Hautschutz von Paul Voormann","description":"55 Jahre Erfahrung und Kompetenz. Paul Voormann bietet professionelle Produkte f\u00fcr Hautschutz, Hautreinigung und Hautpflege.","robots":{"index":"index","follow":"follow","max-snippet":"max-snippet:-1","max-image-preview":"max-image-preview:large","max-video-preview":"max-video-preview:-1"},"canonical":"https:\/\/paul-voormann.com\/de\/unternehmen\/","og_locale":"de_DE","og_type":"article","og_title":"50 Jahre professioneller Hautschutz | Paul Voormann","og_description":"\u00dcber 50 Jahre Erfahrung und Kompetenz. Die Paul Voormann GmbH bietet leistungsstarke Produkte f\u00fcr den professionellen Hautschutz.","og_url":"https:\/\/paul-voormann.com\/de\/unternehmen\/","og_site_name":"Paul Voormann GmbH","article_modified_time":"2025-09-10T13:34:19+00:00","twitter_card":"summary_large_image","twitter_title":"50 Jahre professioneller Hautschutz | Paul Voormann","twitter_description":"\u00dcber 50 Jahre Erfahrung und Kompetenz. Die Paul Voormann GmbH bietet leistungsstarke Produkte f\u00fcr den professionellen Hautschutz.","twitter_misc":{"Gesch\u00e4tzte Lesezeit":"3 Minuten"},"schema":{"@context":"https:\/\/schema.org","@graph":[{"@type":"WebPage","@id":"https:\/\/paul-voormann.com\/de\/unternehmen\/","url":"https:\/\/paul-voormann.com\/de\/unternehmen\/","name":"55 Jahre professioneller Hautschutz von Paul Voormann","isPartOf":{"@id":"https:\/\/paul-voormann.com\/de\/#website"},"datePublished":"2016-12-19T14:09:40+00:00","dateModified":"2025-09-10T13:34:19+00:00","description":"55 Jahre Erfahrung und Kompetenz. Paul Voormann bietet professionelle Produkte f\u00fcr Hautschutz, Hautreinigung und Hautpflege.","breadcrumb":{"@id":"https:\/\/paul-voormann.com\/de\/unternehmen\/#breadcrumb"},"inLanguage":"de-DE","potentialAction":[{"@type":"ReadAction","target":["https:\/\/paul-voormann.com\/de\/unternehmen\/"]}]},{"@type":"BreadcrumbList","@id":"https:\/\/paul-voormann.com\/de\/unternehmen\/#breadcrumb","itemListElement":[{"@type":"ListItem","position":1,"name":"Startseite","item":"https:\/\/paul-voormann.com\/de\/"},{"@type":"ListItem","position":2,"name":"Unternehmen"}]},{"@type":"WebSite","@id":"https:\/\/paul-voormann.com\/de\/#website","url":"https:\/\/paul-voormann.com\/de\/","name":"Paul Voormann GmbH","description":"Zum Schutz Ihrer Haut","publisher":{"@id":"https:\/\/paul-voormann.com\/de\/#organization"},"potentialAction":[{"@type":"SearchAction","target":{"@type":"EntryPoint","urlTemplate":"https:\/\/paul-voormann.com\/de\/?s={search_term_string}"},"query-input":{"@type":"PropertyValueSpecification","valueRequired":true,"valueName":"search_term_string"}}],"inLanguage":"de-DE"},{"@type":"Organization","@id":"https:\/\/paul-voormann.com\/de\/#organization","name":"Paul Voormann GmbH","url":"https:\/\/paul-voormann.com\/de\/","logo":{"@type":"ImageObject","inLanguage":"de-DE","@id":"https:\/\/paul-voormann.com\/de\/#\/schema\/logo\/image\/","url":"https:\/\/paul-voormann.com\/wp-content\/uploads\/2021\/02\/paulvoormann_logo_full_pfade-2.png","contentUrl":"https:\/\/paul-voormann.com\/wp-content\/uploads\/2021\/02\/paulvoormann_logo_full_pfade-2.png","width":512,"height":78,"caption":"Paul Voormann GmbH"},"image":{"@id":"https:\/\/paul-voormann.com\/de\/#\/schema\/logo\/image\/"}}]}},"_links":{"self":[{"href":"https:\/\/paul-voormann.com\/de\/wp-json\/wp\/v2\/pages\/40"}],"collection":[{"href":"https:\/\/paul-voormann.com\/de\/wp-json\/wp\/v2\/pages"}],"about":[{"href":"https:\/\/paul-voormann.com\/de\/wp-json\/wp\/v2\/types\/page"}],"author":[{"embeddable":true,"href":"https:\/\/paul-voormann.com\/de\/wp-json\/wp\/v2\/users\/6"}],"replies":[{"embeddable":true,"href":"https:\/\/paul-voormann.com\/de\/wp-json\/wp\/v2\/comments?post=40"}],"version-history":[{"count":146,"href":"https:\/\/paul-voormann.com\/de\/wp-json\/wp\/v2\/pages\/40\/revisions"}],"predecessor-version":[{"id":6800,"href":"https:\/\/paul-voormann.com\/de\/wp-json\/wp\/v2\/pages\/40\/revisions\/6800"}],"wp:attachment":[{"href":"https:\/\/paul-voormann.com\/de\/wp-json\/wp\/v2\/media?parent=40"}],"curies":[{"name":"wp","href":"https:\/\/api.w.org\/{rel}","templated":true}]}}