{"id":46,"date":"2016-12-19T15:16:50","date_gmt":"2016-12-19T14:16:50","guid":{"rendered":"http:\/\/paul-voormann.com\/?page_id=46"},"modified":"2025-03-09T23:38:40","modified_gmt":"2025-03-09T22:38:40","slug":"impressum","status":"publish","type":"page","link":"https:\/\/paul-voormann.com\/de\/impressum\/","title":{"rendered":"Impressum"},"content":{"rendered":"<p>[et_pb_section fb_built=&#8220;1&#8243; _builder_version=&#8220;4.16&#8243; background_color=&#8220;#ffffff&#8220; background_image=&#8220;https:\/\/paul-voormann.com\/wp-content\/uploads\/2016\/12\/pv_water_bubble_background_schutz.jpg&#8220; global_colors_info=&#8220;{}&#8220;][et_pb_row _builder_version=&#8220;4.16&#8243; background_size=&#8220;initial&#8220; background_position=&#8220;top_left&#8220; background_repeat=&#8220;repeat&#8220; global_colors_info=&#8220;{}&#8220;][et_pb_column type=&#8220;4_4&#8243; _builder_version=&#8220;4.16&#8243; custom_padding=&#8220;|||&#8220; global_colors_info=&#8220;{}&#8220; custom_padding__hover=&#8220;|||&#8220;][\/et_pb_column][\/et_pb_row][\/et_pb_section][et_pb_section fb_built=&#8220;1&#8243; admin_label=&#8220;section&#8220; _builder_version=&#8220;4.16&#8243; global_colors_info=&#8220;{}&#8220;][et_pb_row _builder_version=&#8220;4.16&#8243; background_size=&#8220;initial&#8220; background_position=&#8220;top_left&#8220; background_repeat=&#8220;repeat&#8220; global_colors_info=&#8220;{}&#8220;][et_pb_column type=&#8220;4_4&#8243; _builder_version=&#8220;4.16&#8243; custom_padding=&#8220;|||&#8220; global_colors_info=&#8220;{}&#8220; custom_padding__hover=&#8220;|||&#8220;][et_pb_text _builder_version=&#8220;4.16&#8243; background_size=&#8220;initial&#8220; background_position=&#8220;top_left&#8220; background_repeat=&#8220;repeat&#8220; use_border_color=&#8220;off&#8220; border_color=&#8220;#ffffff&#8220; border_style=&#8220;solid&#8220; global_colors_info=&#8220;{}&#8220;]<\/p>\n<h1>Impressum<\/h1>\n<p>[\/et_pb_text][\/et_pb_column][\/et_pb_row][et_pb_row column_structure=&#8220;1_3,2_3&#8243; admin_label=&#8220;row&#8220; _builder_version=&#8220;4.16&#8243; background_size=&#8220;initial&#8220; background_position=&#8220;top_left&#8220; background_repeat=&#8220;repeat&#8220; global_colors_info=&#8220;{}&#8220;][et_pb_column type=&#8220;1_3&#8243; _builder_version=&#8220;4.16&#8243; custom_padding=&#8220;|||&#8220; global_colors_info=&#8220;{}&#8220; custom_padding__hover=&#8220;|||&#8220;][et_pb_text _builder_version=&#8220;3.0.95&#8243; background_size=&#8220;initial&#8220; background_position=&#8220;top_left&#8220; background_repeat=&#8220;repeat&#8220; use_border_color=&#8220;off&#8220; global_module=&#8220;1368&#8243; saved_tabs=&#8220;all&#8220; global_colors_info=&#8220;{}&#8220;]<\/p>\n<p><strong>Paul Voormann GmbH<\/strong><\/p>\n<p>Siemensstra\u00dfe 42<br \/>42551 Velbert<\/p>\n<p>Telefon +49 (0) 2051 22086<br \/>Telefax +49 (0) 2051 21998<br \/>E-Mail-Adresse <a href=\"mailto:info@paul-voormann.de\">info@paul-voormann.de<\/a><\/p>\n<p>Gesch\u00e4ftsf\u00fchrer: Thea L\u00f6psinger, Tobias L\u00f6psinger<\/p>\n<p>Steuernummer: 13958270051<br \/>USt-IdNr.: DE121542920<br \/>Registerart und -sitz: Amtsgericht Wuppertal<br \/>Registernummer: HRB 17448<\/p>\n<p>[\/et_pb_text][\/et_pb_column][et_pb_column type=&#8220;2_3&#8243; _builder_version=&#8220;4.16&#8243; custom_padding=&#8220;|||&#8220; global_colors_info=&#8220;{}&#8220; custom_padding__hover=&#8220;|||&#8220;][et_pb_text _builder_version=&#8220;4.16&#8243; background_size=&#8220;initial&#8220; background_position=&#8220;top_left&#8220; background_repeat=&#8220;repeat&#8220; use_border_color=&#8220;off&#8220; border_color=&#8220;#ffffff&#8220; border_style=&#8220;solid&#8220; global_colors_info=&#8220;{}&#8220;]<\/p>\n<h2>Disclaimer<\/h2>\n<p>Der Inhalt und die Gestaltung der Paul Voormann Website unterliegen dem Schutz des Urheberrechts und anderer Gesetze zum Schutz geistigen Eigentums. Die Verbreitung oder Ver\u00e4nderung des Inhalts dieser Seiten einschlie\u00dflich des sogenannten Framings und \u00e4hnlicher Ma\u00dfnahmen ist nicht gestattet. Dar\u00fcber hinaus darf dieser Inhalt ohne die schriftliche Zustimmung der Paul Voormann GmbH nicht zu kommerziellen Zwecken kopiert, verbreitet, ver\u00e4ndert oder Dritten zug\u00e4nglich gemacht werden.<\/p>\n<p>Die Informationen, die die Paul Voormann GmbH Ihnen auf dieser Website zur Verf\u00fcgung stellt, wurden mit gr\u00f6\u00dftm\u00f6glicher Sorgfalt zusammengestellt und werden laufend aktualisiert. Trotz sorgf\u00e4ltigster Kontrolle kann die Fehlerfreiheit nicht garantiert werden. Die Paul Voormann GmbH schlie\u00dft daher jede Haftung oder Garantie hinsichtlich der Genauigkeit, Vollst\u00e4ndigkeit und Aktualit\u00e4t der auf dieser Website bereitgestellten Informationen aus.<\/p>\n<p>Dies gilt insbesondere auch f\u00fcr Websites, auf die mittels Hyperlink verwiesen wird und auf die kein Einfluss genommen werden kann. Die Paul Voormann GmbH schlie\u00dft daher eine Haftung f\u00fcr den Inhalt derartiger Seiten ausdr\u00fccklich aus und ist auch nicht verantwortlich f\u00fcr die Datenschutzvorkehrungen der Betreiber derartiger Websites. Die Paul Voormann GmbH beh\u00e4lt sich das Recht vor, jederzeit ohne Ank\u00fcndigung, \u00c4nderungen oder Erg\u00e4nzungen der bereitgestellten Informationen oder Daten vorzunehmen.<\/p>\n<p>Soweit nicht anders angegeben, sind alle auf den Paul Voormann Website verwendeten Marken markenrechtlich gesch\u00fctzt. Dies gilt vor allem f\u00fcr Firmen- und Produktlogos.<br \/>\n[\/et_pb_text][et_pb_text _builder_version=&#8220;4.16&#8243; background_size=&#8220;initial&#8220; background_position=&#8220;top_left&#8220; background_repeat=&#8220;repeat&#8220; use_border_color=&#8220;off&#8220; border_color=&#8220;#ffffff&#8220; border_style=&#8220;solid&#8220; global_colors_info=&#8220;{}&#8220;]<\/p>\n<h2>Allgemeine Gesch\u00e4ftsbedingungen<\/h2>\n<p><a href=\"https:\/\/paul-voormann.com\/wp-content\/uploads\/2017\/12\/AGB_Voormann_2017_DE.pdf\">Hier finden Sie unsere Gesch\u00e4ftsbedingungen als PDF<\/a><br \/>\n[\/et_pb_text][\/et_pb_column][\/et_pb_row][\/et_pb_section]<\/p>\n","protected":false},"excerpt":{"rendered":"<p>Impressum Paul Voormann GmbH Siemensstra\u00dfe 4242551 Velbert Telefon +49 (0) 2051 22086Telefax +49 (0) 2051 21998E-Mail-Adresse info@paul-voormann.de Gesch\u00e4ftsf\u00fchrer: Thea L\u00f6psinger, Tobias L\u00f6psinger Steuernummer: 13958270051USt-IdNr.: DE121542920Registerart und -sitz: Amtsgericht WuppertalRegisternummer: HRB 17448Disclaimer Der Inhalt und die Gestaltung der Paul Voormann Website unterliegen dem Schutz des Urheberrechts und anderer Gesetze zum Schutz geistigen Eigentums. Die Verbreitung oder [&hellip;]<\/p>\n","protected":false},"author":6,"featured_media":0,"parent":0,"menu_order":0,"comment_status":"closed","ping_status":"closed","template":"","meta":{"_et_pb_use_builder":"on","_et_pb_old_content":"","_et_gb_content_width":"","footnotes":""},"class_list":["post-46","page","type-page","status-publish","hentry"],"yoast_head":"<!-- This site is optimized with the Yoast SEO plugin v23.7 - https:\/\/yoast.com\/wordpress\/plugins\/seo\/ -->\n<title>Impressum - Paul Voormann GmbH<\/title>\n<meta name=\"robots\" content=\"index, follow, max-snippet:-1, max-image-preview:large, max-video-preview:-1\" \/>\n<link rel=\"canonical\" href=\"https:\/\/paul-voormann.com\/de\/impressum\/\" \/>\n<meta property=\"og:locale\" content=\"de_DE\" \/>\n<meta property=\"og:type\" content=\"article\" \/>\n<meta property=\"og:title\" content=\"Impressum - Paul Voormann GmbH\" \/>\n<meta property=\"og:description\" content=\"Impressum Paul Voormann GmbH Siemensstra\u00dfe 4242551 Velbert Telefon +49 (0) 2051 22086Telefax +49 (0) 2051 21998E-Mail-Adresse info@paul-voormann.de Gesch\u00e4ftsf\u00fchrer: Thea L\u00f6psinger, Tobias L\u00f6psinger Steuernummer: 13958270051USt-IdNr.: DE121542920Registerart und -sitz: Amtsgericht WuppertalRegisternummer: HRB 17448Disclaimer Der Inhalt und die Gestaltung der Paul Voormann Website unterliegen dem Schutz des Urheberrechts und anderer Gesetze zum Schutz geistigen Eigentums. Die Verbreitung oder [&hellip;]\" \/>\n<meta property=\"og:url\" content=\"https:\/\/paul-voormann.com\/de\/impressum\/\" \/>\n<meta property=\"og:site_name\" content=\"Paul Voormann GmbH\" \/>\n<meta property=\"article:modified_time\" content=\"2025-03-09T22:38:40+00:00\" \/>\n<meta name=\"twitter:card\" content=\"summary_large_image\" \/>\n<meta name=\"twitter:label1\" content=\"Gesch\u00e4tzte Lesezeit\" \/>\n\t<meta name=\"twitter:data1\" content=\"2 Minuten\" \/>\n<script type=\"application\/ld+json\" class=\"yoast-schema-graph\">{\"@context\":\"https:\/\/schema.org\",\"@graph\":[{\"@type\":\"WebPage\",\"@id\":\"https:\/\/paul-voormann.com\/de\/impressum\/\",\"url\":\"https:\/\/paul-voormann.com\/de\/impressum\/\",\"name\":\"Impressum - Paul Voormann GmbH\",\"isPartOf\":{\"@id\":\"https:\/\/paul-voormann.com\/de\/#website\"},\"datePublished\":\"2016-12-19T14:16:50+00:00\",\"dateModified\":\"2025-03-09T22:38:40+00:00\",\"breadcrumb\":{\"@id\":\"https:\/\/paul-voormann.com\/de\/impressum\/#breadcrumb\"},\"inLanguage\":\"de-DE\",\"potentialAction\":[{\"@type\":\"ReadAction\",\"target\":[\"https:\/\/paul-voormann.com\/de\/impressum\/\"]}]},{\"@type\":\"BreadcrumbList\",\"@id\":\"https:\/\/paul-voormann.com\/de\/impressum\/#breadcrumb\",\"itemListElement\":[{\"@type\":\"ListItem\",\"position\":1,\"name\":\"Startseite\",\"item\":\"https:\/\/paul-voormann.com\/de\/\"},{\"@type\":\"ListItem\",\"position\":2,\"name\":\"Impressum\"}]},{\"@type\":\"WebSite\",\"@id\":\"https:\/\/paul-voormann.com\/de\/#website\",\"url\":\"https:\/\/paul-voormann.com\/de\/\",\"name\":\"Paul Voormann GmbH\",\"description\":\"Zum Schutz Ihrer Haut\",\"publisher\":{\"@id\":\"https:\/\/paul-voormann.com\/de\/#organization\"},\"potentialAction\":[{\"@type\":\"SearchAction\",\"target\":{\"@type\":\"EntryPoint\",\"urlTemplate\":\"https:\/\/paul-voormann.com\/de\/?s={search_term_string}\"},\"query-input\":{\"@type\":\"PropertyValueSpecification\",\"valueRequired\":true,\"valueName\":\"search_term_string\"}}],\"inLanguage\":\"de-DE\"},{\"@type\":\"Organization\",\"@id\":\"https:\/\/paul-voormann.com\/de\/#organization\",\"name\":\"Paul Voormann GmbH\",\"url\":\"https:\/\/paul-voormann.com\/de\/\",\"logo\":{\"@type\":\"ImageObject\",\"inLanguage\":\"de-DE\",\"@id\":\"https:\/\/paul-voormann.com\/de\/#\/schema\/logo\/image\/\",\"url\":\"https:\/\/paul-voormann.com\/wp-content\/uploads\/2021\/02\/paulvoormann_logo_full_pfade-2.png\",\"contentUrl\":\"https:\/\/paul-voormann.com\/wp-content\/uploads\/2021\/02\/paulvoormann_logo_full_pfade-2.png\",\"width\":512,\"height\":78,\"caption\":\"Paul Voormann GmbH\"},\"image\":{\"@id\":\"https:\/\/paul-voormann.com\/de\/#\/schema\/logo\/image\/\"}}]}<\/script>\n<!-- \/ Yoast SEO plugin. -->","yoast_head_json":{"title":"Impressum - Paul Voormann GmbH","robots":{"index":"index","follow":"follow","max-snippet":"max-snippet:-1","max-image-preview":"max-image-preview:large","max-video-preview":"max-video-preview:-1"},"canonical":"https:\/\/paul-voormann.com\/de\/impressum\/","og_locale":"de_DE","og_type":"article","og_title":"Impressum - Paul Voormann GmbH","og_description":"Impressum Paul Voormann GmbH Siemensstra\u00dfe 4242551 Velbert Telefon +49 (0) 2051 22086Telefax +49 (0) 2051 21998E-Mail-Adresse info@paul-voormann.de Gesch\u00e4ftsf\u00fchrer: Thea L\u00f6psinger, Tobias L\u00f6psinger Steuernummer: 13958270051USt-IdNr.: DE121542920Registerart und -sitz: Amtsgericht WuppertalRegisternummer: HRB 17448Disclaimer Der Inhalt und die Gestaltung der Paul Voormann Website unterliegen dem Schutz des Urheberrechts und anderer Gesetze zum Schutz geistigen Eigentums. Die Verbreitung oder [&hellip;]","og_url":"https:\/\/paul-voormann.com\/de\/impressum\/","og_site_name":"Paul Voormann GmbH","article_modified_time":"2025-03-09T22:38:40+00:00","twitter_card":"summary_large_image","twitter_misc":{"Gesch\u00e4tzte Lesezeit":"2 Minuten"},"schema":{"@context":"https:\/\/schema.org","@graph":[{"@type":"WebPage","@id":"https:\/\/paul-voormann.com\/de\/impressum\/","url":"https:\/\/paul-voormann.com\/de\/impressum\/","name":"Impressum - Paul Voormann GmbH","isPartOf":{"@id":"https:\/\/paul-voormann.com\/de\/#website"},"datePublished":"2016-12-19T14:16:50+00:00","dateModified":"2025-03-09T22:38:40+00:00","breadcrumb":{"@id":"https:\/\/paul-voormann.com\/de\/impressum\/#breadcrumb"},"inLanguage":"de-DE","potentialAction":[{"@type":"ReadAction","target":["https:\/\/paul-voormann.com\/de\/impressum\/"]}]},{"@type":"BreadcrumbList","@id":"https:\/\/paul-voormann.com\/de\/impressum\/#breadcrumb","itemListElement":[{"@type":"ListItem","position":1,"name":"Startseite","item":"https:\/\/paul-voormann.com\/de\/"},{"@type":"ListItem","position":2,"name":"Impressum"}]},{"@type":"WebSite","@id":"https:\/\/paul-voormann.com\/de\/#website","url":"https:\/\/paul-voormann.com\/de\/","name":"Paul Voormann GmbH","description":"Zum Schutz Ihrer Haut","publisher":{"@id":"https:\/\/paul-voormann.com\/de\/#organization"},"potentialAction":[{"@type":"SearchAction","target":{"@type":"EntryPoint","urlTemplate":"https:\/\/paul-voormann.com\/de\/?s={search_term_string}"},"query-input":{"@type":"PropertyValueSpecification","valueRequired":true,"valueName":"search_term_string"}}],"inLanguage":"de-DE"},{"@type":"Organization","@id":"https:\/\/paul-voormann.com\/de\/#organization","name":"Paul Voormann GmbH","url":"https:\/\/paul-voormann.com\/de\/","logo":{"@type":"ImageObject","inLanguage":"de-DE","@id":"https:\/\/paul-voormann.com\/de\/#\/schema\/logo\/image\/","url":"https:\/\/paul-voormann.com\/wp-content\/uploads\/2021\/02\/paulvoormann_logo_full_pfade-2.png","contentUrl":"https:\/\/paul-voormann.com\/wp-content\/uploads\/2021\/02\/paulvoormann_logo_full_pfade-2.png","width":512,"height":78,"caption":"Paul Voormann GmbH"},"image":{"@id":"https:\/\/paul-voormann.com\/de\/#\/schema\/logo\/image\/"}}]}},"_links":{"self":[{"href":"https:\/\/paul-voormann.com\/de\/wp-json\/wp\/v2\/pages\/46"}],"collection":[{"href":"https:\/\/paul-voormann.com\/de\/wp-json\/wp\/v2\/pages"}],"about":[{"href":"https:\/\/paul-voormann.com\/de\/wp-json\/wp\/v2\/types\/page"}],"author":[{"embeddable":true,"href":"https:\/\/paul-voormann.com\/de\/wp-json\/wp\/v2\/users\/6"}],"replies":[{"embeddable":true,"href":"https:\/\/paul-voormann.com\/de\/wp-json\/wp\/v2\/comments?post=46"}],"version-history":[{"count":17,"href":"https:\/\/paul-voormann.com\/de\/wp-json\/wp\/v2\/pages\/46\/revisions"}],"predecessor-version":[{"id":6553,"href":"https:\/\/paul-voormann.com\/de\/wp-json\/wp\/v2\/pages\/46\/revisions\/6553"}],"wp:attachment":[{"href":"https:\/\/paul-voormann.com\/de\/wp-json\/wp\/v2\/media?parent=46"}],"curies":[{"name":"wp","href":"https:\/\/api.w.org\/{rel}","templated":true}]}}