{"id":5714,"date":"2023-11-21T12:32:44","date_gmt":"2023-11-21T11:32:44","guid":{"rendered":"https:\/\/paul-voormann.com\/?page_id=5714"},"modified":"2026-03-20T09:30:20","modified_gmt":"2026-03-20T08:30:20","slug":"karriere","status":"publish","type":"page","link":"https:\/\/paul-voormann.com\/de\/karriere\/","title":{"rendered":"Karriere"},"content":{"rendered":"<p>[et_pb_section fb_built=&#8220;1&#8243; fullwidth=&#8220;on&#8220; _builder_version=&#8220;4.27.2&#8243; _module_preset=&#8220;default&#8220; global_colors_info=&#8220;{}&#8220;][et_pb_fullwidth_image src=&#8220;https:\/\/paul-voormann.com\/wp-content\/uploads\/2023\/11\/20231103_PV_career_visual-1024&#215;574.png&#8220; alt=&#8220;Career by PV&#8220; title_text=&#8220;20231103_PV_career_visual&#8220; _builder_version=&#8220;4.27.2&#8243; _module_preset=&#8220;default&#8220; transform_scale=&#8220;101%|101%&#8220; transform_translate=&#8220;-1px|-1px&#8220; width=&#8220;100%&#8220; min_height=&#8220;1000px&#8220; height=&#8220;400px&#8220; max_height=&#8220;350px&#8220; custom_margin=&#8220;||-451px|||&#8220; custom_padding=&#8220;||0px|||&#8220; global_colors_info=&#8220;{}&#8220;][\/et_pb_fullwidth_image][\/et_pb_section][et_pb_section fb_built=&#8220;1&#8243; _builder_version=&#8220;4.27.2&#8243; _module_preset=&#8220;default&#8220; custom_padding=&#8220;86px|||||&#8220; global_colors_info=&#8220;{}&#8220;][et_pb_row _builder_version=&#8220;4.27.2&#8243; _module_preset=&#8220;default&#8220; global_colors_info=&#8220;{}&#8220;][et_pb_column type=&#8220;4_4&#8243; _builder_version=&#8220;4.27.2&#8243; _module_preset=&#8220;default&#8220; global_colors_info=&#8220;{}&#8220;][et_pb_text _builder_version=&#8220;4.27.2&#8243; _module_preset=&#8220;default&#8220; global_colors_info=&#8220;{}&#8220;]<\/p>\n<h1 style=\"text-align: center;\">Karriere bei<strong> Paul Voormann<\/strong><\/h1>\n<p>[\/et_pb_text][\/et_pb_column][\/et_pb_row][et_pb_row column_structure=&#8220;1_2,1_2&#8243; _builder_version=&#8220;4.27.2&#8243; _module_preset=&#8220;default&#8220; global_colors_info=&#8220;{}&#8220;][et_pb_column type=&#8220;1_2&#8243; _builder_version=&#8220;4.27.2&#8243; _module_preset=&#8220;default&#8220; global_colors_info=&#8220;{}&#8220;][et_pb_text _builder_version=&#8220;4.27.2&#8243; _module_preset=&#8220;default&#8220; global_colors_info=&#8220;{}&#8220;]<\/p>\n<h3><b><span>Werden Sie Teil unseres Teams, denn unsere Mitarbeiterinnen und Mitarbeiter sind die Basis unseres Erfolges.<\/span><\/b><\/h3>\n<p>&nbsp;<\/p>\n<p style=\"font-weight: 400;\">Aus der Erfahrung und Entwicklungsarbeit von \u00fcber 55 Jahren resultiert die Kompetenz der Paul Voormann GmbH mit unseren leistungsstarken Produkten f\u00fcr den professionellen Hautschutz.<\/p>\n<p style=\"font-weight: 400;\">Wir sind ein 3. Generation gef\u00fchrtes Familienunternehmen und stellen uns den wechselnden Anforderungen der heutigen Arbeitswelt mit kontinuierlicher Innovation und Weiterentwicklung von Produkten und Prozessen.<\/p>\n<p><strong>\u00a0<\/strong><\/p>\n<p>[\/et_pb_text][\/et_pb_column][et_pb_column type=&#8220;1_2&#8243; _builder_version=&#8220;4.27.2&#8243; _module_preset=&#8220;default&#8220; global_colors_info=&#8220;{}&#8220;][et_pb_text _builder_version=&#8220;4.27.2&#8243; _module_preset=&#8220;default&#8220; global_colors_info=&#8220;{}&#8220;]<\/p>\n<p style=\"font-weight: 400;\">Von der Entwicklung, Herstellung und Abf\u00fcllung bis hin zur Qualit\u00e4tssicherung und Lagerung \u2013 alle Schritte erfolgen an unserem Standort in Velbert.<\/p>\n<p style=\"font-weight: 400;\">Bei der Paul Voormann GmbH sind Nachhaltigkeit, Vielfalt und eine offene. respektvolle Unternehmenskultur von zentraler Bedeutung. Wir verpflichten uns, unsere Produkte und Produktionsprozesse so umweltfreundlich wie m\u00f6glich zu gestalten.<\/p>\n<p style=\"font-weight: 400;\">Als Arbeitgeber legen wir gro\u00dfen Wert auf die Einbeziehung verschiedener Perspektiven und Talente, um Innovation und kreative L\u00f6sungen zu f\u00f6rdern. Unser Team sch\u00e4tzt eine offene und kooperative Unternehmenskultur, in der Ideen willkommen sind und individuelle Entwicklung gef\u00f6rdert wird.<\/p>\n<p>[\/et_pb_text][\/et_pb_column][\/et_pb_row][et_pb_row column_structure=&#8220;1_3,1_3,1_3&#8243; _builder_version=&#8220;4.27.2&#8243; _module_preset=&#8220;default&#8220; global_colors_info=&#8220;{}&#8220;][et_pb_column type=&#8220;1_3&#8243; _builder_version=&#8220;4.27.2&#8243; _module_preset=&#8220;default&#8220; global_colors_info=&#8220;{}&#8220;][et_pb_text _builder_version=&#8220;4.27.2&#8243; _module_preset=&#8220;default&#8220; global_colors_info=&#8220;{}&#8220;]<\/p>\n<h4 style=\"text-align: center;\">Flexible Arbeitszeiten<\/h4>\n<p>[\/et_pb_text][\/et_pb_column][et_pb_column type=&#8220;1_3&#8243; _builder_version=&#8220;4.27.2&#8243; _module_preset=&#8220;default&#8220; global_colors_info=&#8220;{}&#8220;][et_pb_text _builder_version=&#8220;4.27.2&#8243; _module_preset=&#8220;default&#8220; global_colors_info=&#8220;{}&#8220;]<\/p>\n<h4 style=\"text-align: center;\">Flache Hierarchien<\/h4>\n<p>[\/et_pb_text][\/et_pb_column][et_pb_column type=&#8220;1_3&#8243; _builder_version=&#8220;4.27.2&#8243; _module_preset=&#8220;default&#8220; global_colors_info=&#8220;{}&#8220;][et_pb_text _builder_version=&#8220;4.27.2&#8243; _module_preset=&#8220;default&#8220; global_colors_info=&#8220;{}&#8220;]<\/p>\n<h4 style=\"text-align: center;\">Arbeit die sich auszahlt<\/h4>\n<p>[\/et_pb_text][\/et_pb_column][\/et_pb_row][et_pb_row _builder_version=&#8220;4.27.2&#8243; _module_preset=&#8220;default&#8220; global_colors_info=&#8220;{}&#8220;][et_pb_column type=&#8220;4_4&#8243; _builder_version=&#8220;4.27.2&#8243; _module_preset=&#8220;default&#8220; global_colors_info=&#8220;{}&#8220;][et_pb_text _builder_version=&#8220;4.27.2&#8243; _module_preset=&#8220;default&#8220; global_colors_info=&#8220;{}&#8220;]<\/p>\n<p><span>Unsere aktuellen Stellenangebote:<\/span><\/p>\n<p>[\/et_pb_text][\/et_pb_column][\/et_pb_row][et_pb_row _builder_version=&#8220;4.27.2&#8243; _module_preset=&#8220;default&#8220; global_colors_info=&#8220;{}&#8220;][et_pb_column type=&#8220;4_4&#8243; _builder_version=&#8220;4.27.2&#8243; _module_preset=&#8220;default&#8220; global_colors_info=&#8220;{}&#8220;][et_pb_text _builder_version=&#8220;4.27.2&#8243; _module_preset=&#8220;default&#8220; global_colors_info=&#8220;{}&#8220;]<\/p>\n<h3 style=\"font-weight: 400;\"><strong>Mitarbeiter\/in Regulatory Affairs \/ Regulatory Affairs Specialist <\/strong><strong>(m\/w\/d) <\/strong><\/h3>\n<p style=\"font-weight: 400;\"><em>Teilzeit (ca. 25 Std.\/Woche) | Standort: Velbert<\/em><\/p>\n<p style=\"font-weight: 400;\">Sie m\u00f6chten wissenschaftliches Arbeiten mit regulatorischer Verantwortung verbinden und dabei in einem mittelst\u00e4ndischen Familienunternehmen mit kurzen Entscheidungswegen t\u00e4tig sein? Dann freuen wir uns auf Sie!<\/p>\n<p style=\"font-weight: 400;\">Zur Verst\u00e4rkung unseres Teams suchen wir zum n\u00e4chstm\u00f6glichen Zeitpunkt eine engagierte Pers\u00f6nlichkeit im Bereich <strong>Regulatory Affairs &amp; Scientific Support<\/strong>.<\/p>\n<p>&nbsp;<\/p>\n<p style=\"font-weight: 400;\"><strong>Ihre Aufgaben<\/strong><\/p>\n<ul style=\"font-weight: 400;\">\n<li>Beantwortung wissenschaftlich-technischer Kundenanfragen<\/li>\n<li>Ma\u00dfgebliche Mitarbeit bei der Sicherstellung der Compliance unserer Produkte auf dem europ\u00e4ischen Markt<\/li>\n<li>Kontrolle und Freigabe von Etiketten unter Ber\u00fccksichtigung der EU-Kosmetikverordnung und weiterer relevanter Vorschriften<\/li>\n<li>Wissenschaftliches Korrekturlesen von Marketingunterlagen (Produktdatenbl\u00e4tter, Kataloge, Flyer etc.)<\/li>\n<li>Unterst\u00fctzung und Vertretung im Einkauf chemischer Rohstoffe<\/li>\n<li>\u00dcberblick \u00fcber den bestehenden Lieferantenpool sowie Teilnahme an Lieferantengespr\u00e4chen<\/li>\n<li>Bewertung und Vorstellung neuer Rohstoffe oder Rohstoffalternativen f\u00fcr die Entwicklungsabteilung<\/li>\n<li>Einblick in Entwicklungsprozesse und ggf. beratende Unterst\u00fctzung bei regulatorischen Fragestellungen<\/li>\n<\/ul>\n<p style=\"font-weight: 400;\"><strong>Ihr Profil<\/strong><\/p>\n<ul style=\"font-weight: 400;\">\n<li>Abgeschlossenes naturwissenschaftliches Studium (z. B. Pharmazie, Biochemie, Lebensmittelchemie, Chemie oder vergleichbar)<\/li>\n<li>Sehr gute schriftliche Ausdrucksweise und sicherer Umgang mit wissenschaftlichen sowie rechtlichen Texten<\/li>\n<li>Strukturierte, sorgf\u00e4ltige und eigenverantwortliche Arbeitsweise<\/li>\n<li>Bereitschaft, Verantwortung zu \u00fcbernehmen und sich in regulatorische Themen einzuarbeiten<\/li>\n<li>Gute Englischkenntnisse in Wort und Schrift<\/li>\n<\/ul>\n<p style=\"font-weight: 400;\"><em>Vorkenntnisse im Bereich Produkt-Compliance sind nicht erforderlich \u2013 eine intensive Einarbeitung ist selbstverst\u00e4ndlich gew\u00e4hrleistet.<\/em><\/p>\n<p style=\"font-weight: 400;\"><strong>Wir bieten<\/strong><\/p>\n<ul style=\"font-weight: 400;\">\n<li>Eine abwechslungsreiche und verantwortungsvolle T\u00e4tigkeit in einem kleinen, kollegialen Team<\/li>\n<li>Flexible Wochenarbeitszeit von ca. 25 Stunden (Anpassung m\u00f6glich)<\/li>\n<li>Eine langfristige Perspektive in einem wachsenden mittelst\u00e4ndischen Familienunternehmen<\/li>\n<li>Kurze Entscheidungswege und flache Hierarchien<\/li>\n<li>Attraktive Verg\u00fctung inklusive Weihnachts- und Urlaubsgelds sowie Bonus<\/li>\n<li>30 Tage Urlaub (anteilig bei Teilzeit)<\/li>\n<li>Corporate Benefits<\/li>\n<\/ul>\n<p style=\"font-weight: 400;\"><strong>Interessiert?<\/strong><\/p>\n<p style=\"font-weight: 400;\">Dann freuen wir uns auf Ihre aussagekr\u00e4ftigen Bewerbungsunterlagen unter Angabe Ihres fr\u00fchestm\u00f6glichen Eintrittstermins und Ihrer Gehaltsvorstellung an:<\/p>\n<p>\ud835\udc11\u00fc\ud835\udc1c\ud835\udc24\ud835\udc1f\ud835\udc2b\ud835\udc1a\ud835\udc20\ud835\udc1e\ud835\udc27 \ud835\udc2e\ud835\udc27\ud835\udc1d \ud835\udc01\ud835\udc1e\ud835\udc30\ud835\udc1e\ud835\udc2b\ud835\udc1b\ud835\udc2e\ud835\udc27\ud835\udc20\ud835\udc1e\ud835\udc27 per Email \ud835\udc1a\ud835\udc27:<br \/>Paul Voormann GmbH<br \/>Frau Thea L\u00f6psinger<br \/><a href=\"mailto:bewerbung@paul-voormann.de\" target=\"_blank\" rel=\"noopener\">bewerbung@paul-voormann.de<\/a><br \/>Siemensstr. 42<br \/>42551 Velbert<br \/>Nordrhein-Westfalen<br \/>Deutschland<\/p>\n<p>[\/et_pb_text][\/et_pb_column][\/et_pb_row][et_pb_row _builder_version=&#8220;4.27.2&#8243; _module_preset=&#8220;default&#8220; global_colors_info=&#8220;{}&#8220;][et_pb_column type=&#8220;4_4&#8243; _builder_version=&#8220;4.27.2&#8243; _module_preset=&#8220;default&#8220; global_colors_info=&#8220;{}&#8220;][et_pb_text _builder_version=&#8220;4.27.2&#8243; _module_preset=&#8220;default&#8220; global_colors_info=&#8220;{}&#8220;]<\/p>\n<h3>\ud835\udc05\ud835\udc1a\ud835\udc1c\ud835\udc21\ud835\udc24\ud835\udc2b\ud835\udc1a\ud835\udc1f\ud835\udc2d \ud835\udc1f\u00fc\ud835\udc2b \ud835\udc0b\ud835\udc1a\ud835\udc20\ud835\udc1e\ud835\udc2b\ud835\udc25\ud835\udc28\ud835\udc20\ud835\udc22\ud835\udc2c\ud835\udc2d\ud835\udc22\ud835\udc24 (\ud835\udc26\/\ud835\udc30\/\ud835\udc1d)<\/h3>\n<p>Die Paul Voormann GmbH ist ein familiengef\u00fchrtes, mittelst\u00e4ndisches Unternehmen der Kosmetikindustrie. Wir entwickeln, produzieren und vertreiben mit 50 Mitarbeitern am Standort Velbert Mittel zum Schutz zur Reinigung und zur Pflege beanspruchter Haut am Arbeitsplatz. Unsere Kernprodukte sind past\u00f6se Handreiniger mit Reibemitteln zur Entfernung von starken Verschmutzungen. Die Produkte werden in die gesamte EU und auch in Drittl\u00e4nder verkauft.<\/p>\n<p>\ud835\udc16\ud835\udc22\ud835\udc2b \ud835\udc2c\ud835\udc2e\ud835\udc1c\ud835\udc21\ud835\udc1e\ud835\udc27:<br \/>Zur Verst\u00e4rkung unseres 3-k\u00f6pfigen Lagerteams suchen wir zum n\u00e4chstm\u00f6glichen<br \/>Zeitpunkt eine engagierte, motivierte und verantwortungsbewusste<br \/>\ud835\udc05\ud835\udc1a\ud835\udc1c\ud835\udc21\ud835\udc24\ud835\udc2b\ud835\udc1a\ud835\udc1f\ud835\udc2d \ud835\udc1f\u00fc\ud835\udc2b \ud835\udc0b\ud835\udc1a\ud835\udc20\ud835\udc1e\ud835\udc2b\ud835\udc25\ud835\udc28\ud835\udc20\ud835\udc22\ud835\udc2c\ud835\udc2d\ud835\udc22\ud835\udc24 (\ud835\udc26\/\ud835\udc30\/\ud835\udc1d)<\/p>\n<p>Es erwartet Sie eine anspruchsvolle und vielseitige T\u00e4tigkeit mit sicheren Zukunftsaussichten.<\/p>\n<p>\ud835\udc08\ud835\udc21\ud835\udc2b\ud835\udc1e \ud835\udc00\ud835\udc2e\ud835\udc1f\ud835\udc20\ud835\udc1a\ud835\udc1b\ud835\udc1e\ud835\udc27:<br \/>Be- und Entladung der LKW<br \/>Einlagerung von Waren<br \/>Verwaltung und Kontrolle der Lagerbest\u00e4nde sowie Mitarbeit bei der Durchf\u00fchrung der j\u00e4hrlichen Inventur<br \/>Annahme und Kontrolle des Wareneingangs anhand der Begleitpapiere<br \/>Kommissionierung von Auftr\u00e4gen anhand eines Packzettels (in Vertretung)<br \/>Umsetzung von Vorgaben zur Sicherheit, Ordnung und Sauberkeit in den Lagerbereichen (in und au\u00dferhalb der Geb\u00e4ude)<br \/>Umsetzung der Vorgaben zur Entsorgung im Lagerbereich (Sammlung und Entsorgung sortenreiner Wertstoffe wie Pappen, Kunststoffe &#8211; neues Pressensystem\/Kontakt zu Verwertungsunternehmen)<br \/>Steuern des Prozesses Rohstoff- Leergebindesammlung\/-sortierung und -abholung<\/p>\n<p>\ud835\udc16\ud835\udc1a\ud835\udc2c \ud835\udc12\ud835\udc22\ud835\udc1e \ud835\udc26\ud835\udc22\ud835\udc2d\ud835\udc1b\ud835\udc2b\ud835\udc22\ud835\udc27\ud835\udc20\ud835\udc1e\ud835\udc27 \ud835\udc2c\ud835\udc28\ud835\udc25\ud835\udc25\ud835\udc2d\ud835\udc1e\ud835\udc27:<br \/>Eine abgeschlossene Berufsausbildung zur Fachkraft f\u00fcr Lagerlogistik (oder \u00e4hnliche Qualifikation)<br \/>Eine sorgf\u00e4ltige, pr\u00e4zise und ordentliche Arbeitsweise<br \/>Die Motivation eine verantwortungsvolle Position auszuf\u00fchren.<br \/>Ausdauer, k\u00f6rperliche Belastbarkeit und Freude in einem Team zu arbeiten<br \/>Gute Deutsch-Kenntnisse<br \/>Einen Gabelstaplerf\u00fchrerschein und optimalerweise einen LKW-F\u00fchrerschein (7,5 t)<\/p>\n<p>\ud835\udc16\ud835\udc1a\ud835\udc2c \ud835\udc30\ud835\udc22\ud835\udc2b \ud835\udc08\ud835\udc21\ud835\udc27\ud835\udc1e\ud835\udc27 \ud835\udc1b\ud835\udc22\ud835\udc1e\ud835\udc2d\ud835\udc1e\ud835\udc27:<br \/>Eine vielseitige T\u00e4tigkeit in einem netten Team<br \/>Eine ansprechende Bezahlung (Urlaubsgeld, 13. Monatsgehalt, Bonus)<br \/>30 Tage Urlaub<br \/>Familienfreundliche Arbeitszeiten (1-Schicht Betrieb)<br \/>Nach der Befristung ist die \u00dcbernahme in ein unbefristetes Arbeitsverh\u00e4ltnis m\u00f6glich<br \/>Sollten wir Ihr Interesse an einer Mitarbeit in unserem Unternehmen geweckt haben, freuen wir uns sehr, von Ihnen zu h\u00f6ren. Bitte schicken Sie Ihre vollst\u00e4ndigen Bewerbungsunterlagen mit Lebenslauf, vollst\u00e4ndigen Zeugnissen, m\u00f6glichem Eintrittsdatum und Gehaltsvorstellung.<\/p>\n<p>\ud835\udc11\u00fc\ud835\udc1c\ud835\udc24\ud835\udc1f\ud835\udc2b\ud835\udc1a\ud835\udc20\ud835\udc1e\ud835\udc27 \ud835\udc2e\ud835\udc27\ud835\udc1d \ud835\udc01\ud835\udc1e\ud835\udc30\ud835\udc1e\ud835\udc2b\ud835\udc1b\ud835\udc2e\ud835\udc27\ud835\udc20\ud835\udc1e\ud835\udc27 per Email \ud835\udc1a\ud835\udc27:<br \/>Paul Voormann GmbH<br \/>Frau Thea L\u00f6psinger<br \/><a href=\"mailto:bewerbung@paul-voormann.de\" target=\"_blank\" rel=\"noopener\">bewerbung@paul-voormann.de<\/a><br \/>Siemensstr. 42<br \/>42551 Velbert<br \/>Nordrhein-Westfalen<br \/>Deutschland<\/p>\n<p>[\/et_pb_text][\/et_pb_column][\/et_pb_row][\/et_pb_section]<\/p>\n","protected":false},"excerpt":{"rendered":"<p>Karriere bei Paul VoormannWerden Sie Teil unseres Teams, denn unsere Mitarbeiterinnen und Mitarbeiter sind die Basis unseres Erfolges. &nbsp; Aus der Erfahrung und Entwicklungsarbeit von \u00fcber 55 Jahren resultiert die Kompetenz der Paul Voormann GmbH mit unseren leistungsstarken Produkten f\u00fcr den professionellen Hautschutz. Wir sind ein 3. Generation gef\u00fchrtes Familienunternehmen und stellen uns den wechselnden [&hellip;]<\/p>\n","protected":false},"author":6,"featured_media":5796,"parent":0,"menu_order":0,"comment_status":"closed","ping_status":"closed","template":"","meta":{"_et_pb_use_builder":"on","_et_pb_old_content":"","_et_gb_content_width":"","footnotes":""},"class_list":["post-5714","page","type-page","status-publish","has-post-thumbnail","hentry"],"yoast_head":"<!-- This site is optimized with the Yoast SEO plugin v23.7 - https:\/\/yoast.com\/wordpress\/plugins\/seo\/ -->\n<title>Karriere - Paul Voormann GmbH<\/title>\n<meta name=\"robots\" content=\"index, follow, max-snippet:-1, max-image-preview:large, max-video-preview:-1\" \/>\n<link rel=\"canonical\" href=\"https:\/\/paul-voormann.com\/de\/karriere\/\" \/>\n<meta property=\"og:locale\" content=\"de_DE\" \/>\n<meta property=\"og:type\" content=\"article\" \/>\n<meta property=\"og:title\" content=\"Karriere - Paul Voormann GmbH\" \/>\n<meta property=\"og:description\" content=\"Karriere bei Paul VoormannWerden Sie Teil unseres Teams, denn unsere Mitarbeiterinnen und Mitarbeiter sind die Basis unseres Erfolges. &nbsp; Aus der Erfahrung und Entwicklungsarbeit von \u00fcber 55 Jahren resultiert die Kompetenz der Paul Voormann GmbH mit unseren leistungsstarken Produkten f\u00fcr den professionellen Hautschutz. Wir sind ein 3. Generation gef\u00fchrtes Familienunternehmen und stellen uns den wechselnden [&hellip;]\" \/>\n<meta property=\"og:url\" content=\"https:\/\/paul-voormann.com\/de\/karriere\/\" \/>\n<meta property=\"og:site_name\" content=\"Paul Voormann GmbH\" \/>\n<meta property=\"article:modified_time\" content=\"2026-03-20T08:30:20+00:00\" \/>\n<meta property=\"og:image\" content=\"https:\/\/paul-voormann.com\/wp-content\/uploads\/2023\/11\/20231103_PV_career_visual.jpg\" \/>\n\t<meta property=\"og:image:width\" content=\"1456\" \/>\n\t<meta property=\"og:image:height\" content=\"816\" \/>\n\t<meta property=\"og:image:type\" content=\"image\/jpeg\" \/>\n<meta name=\"twitter:card\" content=\"summary_large_image\" \/>\n<meta name=\"twitter:label1\" content=\"Gesch\u00e4tzte Lesezeit\" \/>\n\t<meta name=\"twitter:data1\" content=\"7 Minuten\" \/>\n<script type=\"application\/ld+json\" class=\"yoast-schema-graph\">{\"@context\":\"https:\/\/schema.org\",\"@graph\":[{\"@type\":\"WebPage\",\"@id\":\"https:\/\/paul-voormann.com\/de\/karriere\/\",\"url\":\"https:\/\/paul-voormann.com\/de\/karriere\/\",\"name\":\"Karriere - Paul Voormann GmbH\",\"isPartOf\":{\"@id\":\"https:\/\/paul-voormann.com\/de\/#website\"},\"primaryImageOfPage\":{\"@id\":\"https:\/\/paul-voormann.com\/de\/karriere\/#primaryimage\"},\"image\":{\"@id\":\"https:\/\/paul-voormann.com\/de\/karriere\/#primaryimage\"},\"thumbnailUrl\":\"https:\/\/paul-voormann.com\/wp-content\/uploads\/2023\/11\/20231103_PV_career_visual.jpg\",\"datePublished\":\"2023-11-21T11:32:44+00:00\",\"dateModified\":\"2026-03-20T08:30:20+00:00\",\"breadcrumb\":{\"@id\":\"https:\/\/paul-voormann.com\/de\/karriere\/#breadcrumb\"},\"inLanguage\":\"de-DE\",\"potentialAction\":[{\"@type\":\"ReadAction\",\"target\":[\"https:\/\/paul-voormann.com\/de\/karriere\/\"]}]},{\"@type\":\"ImageObject\",\"inLanguage\":\"de-DE\",\"@id\":\"https:\/\/paul-voormann.com\/de\/karriere\/#primaryimage\",\"url\":\"https:\/\/paul-voormann.com\/wp-content\/uploads\/2023\/11\/20231103_PV_career_visual.jpg\",\"contentUrl\":\"https:\/\/paul-voormann.com\/wp-content\/uploads\/2023\/11\/20231103_PV_career_visual.jpg\",\"width\":1456,\"height\":816},{\"@type\":\"BreadcrumbList\",\"@id\":\"https:\/\/paul-voormann.com\/de\/karriere\/#breadcrumb\",\"itemListElement\":[{\"@type\":\"ListItem\",\"position\":1,\"name\":\"Startseite\",\"item\":\"https:\/\/paul-voormann.com\/de\/\"},{\"@type\":\"ListItem\",\"position\":2,\"name\":\"Karriere\"}]},{\"@type\":\"WebSite\",\"@id\":\"https:\/\/paul-voormann.com\/de\/#website\",\"url\":\"https:\/\/paul-voormann.com\/de\/\",\"name\":\"Paul Voormann GmbH\",\"description\":\"Zum Schutz Ihrer Haut\",\"publisher\":{\"@id\":\"https:\/\/paul-voormann.com\/de\/#organization\"},\"potentialAction\":[{\"@type\":\"SearchAction\",\"target\":{\"@type\":\"EntryPoint\",\"urlTemplate\":\"https:\/\/paul-voormann.com\/de\/?s={search_term_string}\"},\"query-input\":{\"@type\":\"PropertyValueSpecification\",\"valueRequired\":true,\"valueName\":\"search_term_string\"}}],\"inLanguage\":\"de-DE\"},{\"@type\":\"Organization\",\"@id\":\"https:\/\/paul-voormann.com\/de\/#organization\",\"name\":\"Paul Voormann GmbH\",\"url\":\"https:\/\/paul-voormann.com\/de\/\",\"logo\":{\"@type\":\"ImageObject\",\"inLanguage\":\"de-DE\",\"@id\":\"https:\/\/paul-voormann.com\/de\/#\/schema\/logo\/image\/\",\"url\":\"https:\/\/paul-voormann.com\/wp-content\/uploads\/2021\/02\/paulvoormann_logo_full_pfade-2.png\",\"contentUrl\":\"https:\/\/paul-voormann.com\/wp-content\/uploads\/2021\/02\/paulvoormann_logo_full_pfade-2.png\",\"width\":512,\"height\":78,\"caption\":\"Paul Voormann GmbH\"},\"image\":{\"@id\":\"https:\/\/paul-voormann.com\/de\/#\/schema\/logo\/image\/\"}}]}<\/script>\n<!-- \/ Yoast SEO plugin. -->","yoast_head_json":{"title":"Karriere - Paul Voormann GmbH","robots":{"index":"index","follow":"follow","max-snippet":"max-snippet:-1","max-image-preview":"max-image-preview:large","max-video-preview":"max-video-preview:-1"},"canonical":"https:\/\/paul-voormann.com\/de\/karriere\/","og_locale":"de_DE","og_type":"article","og_title":"Karriere - Paul Voormann GmbH","og_description":"Karriere bei Paul VoormannWerden Sie Teil unseres Teams, denn unsere Mitarbeiterinnen und Mitarbeiter sind die Basis unseres Erfolges. &nbsp; Aus der Erfahrung und Entwicklungsarbeit von \u00fcber 55 Jahren resultiert die Kompetenz der Paul Voormann GmbH mit unseren leistungsstarken Produkten f\u00fcr den professionellen Hautschutz. Wir sind ein 3. Generation gef\u00fchrtes Familienunternehmen und stellen uns den wechselnden [&hellip;]","og_url":"https:\/\/paul-voormann.com\/de\/karriere\/","og_site_name":"Paul Voormann GmbH","article_modified_time":"2026-03-20T08:30:20+00:00","og_image":[{"width":1456,"height":816,"url":"https:\/\/paul-voormann.com\/wp-content\/uploads\/2023\/11\/20231103_PV_career_visual.jpg","type":"image\/jpeg"}],"twitter_card":"summary_large_image","twitter_misc":{"Gesch\u00e4tzte Lesezeit":"7 Minuten"},"schema":{"@context":"https:\/\/schema.org","@graph":[{"@type":"WebPage","@id":"https:\/\/paul-voormann.com\/de\/karriere\/","url":"https:\/\/paul-voormann.com\/de\/karriere\/","name":"Karriere - Paul Voormann GmbH","isPartOf":{"@id":"https:\/\/paul-voormann.com\/de\/#website"},"primaryImageOfPage":{"@id":"https:\/\/paul-voormann.com\/de\/karriere\/#primaryimage"},"image":{"@id":"https:\/\/paul-voormann.com\/de\/karriere\/#primaryimage"},"thumbnailUrl":"https:\/\/paul-voormann.com\/wp-content\/uploads\/2023\/11\/20231103_PV_career_visual.jpg","datePublished":"2023-11-21T11:32:44+00:00","dateModified":"2026-03-20T08:30:20+00:00","breadcrumb":{"@id":"https:\/\/paul-voormann.com\/de\/karriere\/#breadcrumb"},"inLanguage":"de-DE","potentialAction":[{"@type":"ReadAction","target":["https:\/\/paul-voormann.com\/de\/karriere\/"]}]},{"@type":"ImageObject","inLanguage":"de-DE","@id":"https:\/\/paul-voormann.com\/de\/karriere\/#primaryimage","url":"https:\/\/paul-voormann.com\/wp-content\/uploads\/2023\/11\/20231103_PV_career_visual.jpg","contentUrl":"https:\/\/paul-voormann.com\/wp-content\/uploads\/2023\/11\/20231103_PV_career_visual.jpg","width":1456,"height":816},{"@type":"BreadcrumbList","@id":"https:\/\/paul-voormann.com\/de\/karriere\/#breadcrumb","itemListElement":[{"@type":"ListItem","position":1,"name":"Startseite","item":"https:\/\/paul-voormann.com\/de\/"},{"@type":"ListItem","position":2,"name":"Karriere"}]},{"@type":"WebSite","@id":"https:\/\/paul-voormann.com\/de\/#website","url":"https:\/\/paul-voormann.com\/de\/","name":"Paul Voormann GmbH","description":"Zum Schutz Ihrer Haut","publisher":{"@id":"https:\/\/paul-voormann.com\/de\/#organization"},"potentialAction":[{"@type":"SearchAction","target":{"@type":"EntryPoint","urlTemplate":"https:\/\/paul-voormann.com\/de\/?s={search_term_string}"},"query-input":{"@type":"PropertyValueSpecification","valueRequired":true,"valueName":"search_term_string"}}],"inLanguage":"de-DE"},{"@type":"Organization","@id":"https:\/\/paul-voormann.com\/de\/#organization","name":"Paul Voormann GmbH","url":"https:\/\/paul-voormann.com\/de\/","logo":{"@type":"ImageObject","inLanguage":"de-DE","@id":"https:\/\/paul-voormann.com\/de\/#\/schema\/logo\/image\/","url":"https:\/\/paul-voormann.com\/wp-content\/uploads\/2021\/02\/paulvoormann_logo_full_pfade-2.png","contentUrl":"https:\/\/paul-voormann.com\/wp-content\/uploads\/2021\/02\/paulvoormann_logo_full_pfade-2.png","width":512,"height":78,"caption":"Paul Voormann GmbH"},"image":{"@id":"https:\/\/paul-voormann.com\/de\/#\/schema\/logo\/image\/"}}]}},"_links":{"self":[{"href":"https:\/\/paul-voormann.com\/de\/wp-json\/wp\/v2\/pages\/5714"}],"collection":[{"href":"https:\/\/paul-voormann.com\/de\/wp-json\/wp\/v2\/pages"}],"about":[{"href":"https:\/\/paul-voormann.com\/de\/wp-json\/wp\/v2\/types\/page"}],"author":[{"embeddable":true,"href":"https:\/\/paul-voormann.com\/de\/wp-json\/wp\/v2\/users\/6"}],"replies":[{"embeddable":true,"href":"https:\/\/paul-voormann.com\/de\/wp-json\/wp\/v2\/comments?post=5714"}],"version-history":[{"count":71,"href":"https:\/\/paul-voormann.com\/de\/wp-json\/wp\/v2\/pages\/5714\/revisions"}],"predecessor-version":[{"id":6901,"href":"https:\/\/paul-voormann.com\/de\/wp-json\/wp\/v2\/pages\/5714\/revisions\/6901"}],"wp:featuredmedia":[{"embeddable":true,"href":"https:\/\/paul-voormann.com\/de\/wp-json\/wp\/v2\/media\/5796"}],"wp:attachment":[{"href":"https:\/\/paul-voormann.com\/de\/wp-json\/wp\/v2\/media?parent=5714"}],"curies":[{"name":"wp","href":"https:\/\/api.w.org\/{rel}","templated":true}]}}