{"id":1619,"date":"2018-01-05T11:57:59","date_gmt":"2018-01-05T10:57:59","guid":{"rendered":"http:\/\/paul-voormann.com\/?page_id=1619"},"modified":"2025-03-09T23:40:45","modified_gmt":"2025-03-09T22:40:45","slug":"imprint","status":"publish","type":"page","link":"https:\/\/paul-voormann.com\/en\/imprint\/","title":{"rendered":"Imprint"},"content":{"rendered":"<p>[et_pb_section fb_built=&#8221;1&#8243; _builder_version=&#8221;4.16&#8243; background_image=&#8221;https:\/\/paul-voormann.com\/wp-content\/uploads\/2016\/12\/pv_water_bubble_background_schutz.jpg&#8221; global_colors_info=&#8221;{}&#8221;][et_pb_row _builder_version=&#8221;4.16&#8243; global_colors_info=&#8221;{}&#8221;][\/et_pb_row][\/et_pb_section][et_pb_section fb_built=&#8221;1&#8243; admin_label=&#8221;section&#8221; _builder_version=&#8221;4.16&#8243; global_colors_info=&#8221;{}&#8221;][et_pb_row _builder_version=&#8221;4.16&#8243; background_size=&#8221;initial&#8221; background_position=&#8221;top_left&#8221; background_repeat=&#8221;repeat&#8221; global_colors_info=&#8221;{}&#8221;][et_pb_column type=&#8221;4_4&#8243; _builder_version=&#8221;4.16&#8243; custom_padding=&#8221;|||&#8221; global_colors_info=&#8221;{}&#8221; custom_padding__hover=&#8221;|||&#8221;][et_pb_text _builder_version=&#8221;4.16&#8243; background_size=&#8221;initial&#8221; background_position=&#8221;top_left&#8221; background_repeat=&#8221;repeat&#8221; use_border_color=&#8221;off&#8221; global_colors_info=&#8221;{}&#8221;]<\/p>\n<h1>Imprint<\/h1>\n<p>[\/et_pb_text][\/et_pb_column][\/et_pb_row][et_pb_row column_structure=&#8221;1_3,2_3&#8243; admin_label=&#8221;row&#8221; _builder_version=&#8221;4.16&#8243; background_size=&#8221;initial&#8221; background_position=&#8221;top_left&#8221; background_repeat=&#8221;repeat&#8221; global_colors_info=&#8221;{}&#8221;][et_pb_column type=&#8221;1_3&#8243; _builder_version=&#8221;4.16&#8243; custom_padding=&#8221;|||&#8221; global_colors_info=&#8221;{}&#8221; custom_padding__hover=&#8221;|||&#8221;][et_pb_text _builder_version=&#8221;3.0.93&#8243; background_size=&#8221;initial&#8221; background_position=&#8221;top_left&#8221; background_repeat=&#8221;repeat&#8221; use_border_color=&#8221;off&#8221; global_module=&#8221;1622&#8243; saved_tabs=&#8221;all&#8221; global_colors_info=&#8221;{}&#8221;]<\/p>\n<p><strong>Paul Voormann GmbH<\/strong><\/p>\n<p>Siemensstra\u00dfe 42<\/p>\n<p>42551 Velbert<\/p>\n<p>Phone +49 (0) 2051 22086<\/p>\n<p>Fax +49 (0) 2051 21998<\/p>\n<p>E-Mail <a href=\"mailto:info@paul-voormann.com\">info@paul-voormann.com<\/a><\/p>\n<p>Managing Directors: Thea L\u00f6psinger, Tobias L\u00f6psinger<\/p>\n<p>VAT No.: 13958270051<\/p>\n<p>EG No.: DE121542920<\/p>\n<p>Commercial Registry: Amtsgericht Wuppertal<\/p>\n<p>Commercial Registry Number: HRB 17448<\/p>\n<p>[\/et_pb_text][\/et_pb_column][et_pb_column type=&#8221;2_3&#8243; _builder_version=&#8221;4.16&#8243; custom_padding=&#8221;|||&#8221; global_colors_info=&#8221;{}&#8221; custom_padding__hover=&#8221;|||&#8221;][et_pb_text _builder_version=&#8221;4.16&#8243; background_size=&#8221;initial&#8221; background_position=&#8221;top_left&#8221; background_repeat=&#8221;repeat&#8221; use_border_color=&#8221;off&#8221; global_colors_info=&#8221;{}&#8221;]<\/p>\n<h2>Disclaimer<\/h2>\n<p>The content and design of this website is protected by copyright and other laws protecting intellectual property. No part of this website may be distributed or modified. Framing or any similar measures are prohibited. This website may not be copied, distributed, changed or made available to third parties either in whole or in part for commercial purposes without the prior written consent of Paul Voormann GmbH.<\/p>\n<p>Paul Voormann GmbH has made every effort to ensure that the information on this website is accurate and up-to-date. However, visitors who use this website and rely on any information do so at their own risk. Paul Voormann GmbH does not represent or warrant that the information accessible via the website is accurate, complete or up-to-date.<\/p>\n<p>This applies in particular to the contents of hyperlinked websites, over which Paul Voormann GmbH has no control. Paul Voormann GmbH accepts no liability for the contents of these websites and is not responsible for the data protection measures taken by the hosts of such sites. Paul Voormann GmbH reserves the right to change or augment the information or data provided at any time without<br \/>\nprior warning.<\/p>\n<p>Unless otherwise specified, the trademarks displayed on the Paul Voormann website are protected by trademark law. This applies in particular to company and product logos.<br \/>\n[\/et_pb_text][et_pb_text _builder_version=&#8221;4.16&#8243; background_size=&#8221;initial&#8221; background_position=&#8221;top_left&#8221; background_repeat=&#8221;repeat&#8221; use_border_color=&#8221;off&#8221; global_colors_info=&#8221;{}&#8221;]<\/p>\n<h2>General Terms and Conditions (german)<\/h2>\n<p><a href=\"https:\/\/paul-voormann.com\/wp-content\/uploads\/2017\/12\/AGB_Voormann_2017_DE.pdf\">Here you can find our terms and conditions as a PDF<\/a>[\/et_pb_text][\/et_pb_column][\/et_pb_row][\/et_pb_section]<\/p>\n","protected":false},"excerpt":{"rendered":"<p>Imprint Paul Voormann GmbH Siemensstra\u00dfe 4242551 Velbert Phone +49 (0) 2051 22086Fax +49 (0) 2051 21998E-Mail info@paul-voormann.com Managing Directors: Thea L\u00f6psinger, Tobias L\u00f6psinger VAT No.: 13958270051EG No.: DE121542920Commercial Registry: Amtsgericht WuppertalCommercial Registry Number: HRB 17448Disclaimer The content and design of this website is protected by copyright and other laws protecting intellectual property. No part of [&hellip;]<\/p>\n","protected":false},"author":6,"featured_media":0,"parent":0,"menu_order":0,"comment_status":"closed","ping_status":"closed","template":"","meta":{"_et_pb_use_builder":"on","_et_pb_old_content":"","_et_gb_content_width":"","footnotes":""},"class_list":["post-1619","page","type-page","status-publish","hentry"],"yoast_head":"<!-- This site is optimized with the Yoast SEO plugin v23.7 - https:\/\/yoast.com\/wordpress\/plugins\/seo\/ -->\n<title>Imprint - Paul Voormann GmbH<\/title>\n<meta name=\"robots\" content=\"index, follow, max-snippet:-1, max-image-preview:large, max-video-preview:-1\" \/>\n<link rel=\"canonical\" href=\"https:\/\/paul-voormann.com\/en\/imprint\/\" \/>\n<meta property=\"og:locale\" content=\"en_US\" \/>\n<meta property=\"og:type\" content=\"article\" \/>\n<meta property=\"og:title\" content=\"Imprint - Paul Voormann GmbH\" \/>\n<meta property=\"og:description\" content=\"Imprint Paul Voormann GmbH Siemensstra\u00dfe 4242551 Velbert Phone +49 (0) 2051 22086Fax +49 (0) 2051 21998E-Mail info@paul-voormann.com Managing Directors: Thea L\u00f6psinger, Tobias L\u00f6psinger VAT No.: 13958270051EG No.: DE121542920Commercial Registry: Amtsgericht WuppertalCommercial Registry Number: HRB 17448Disclaimer The content and design of this website is protected by copyright and other laws protecting intellectual property. No part of [&hellip;]\" \/>\n<meta property=\"og:url\" content=\"https:\/\/paul-voormann.com\/en\/imprint\/\" \/>\n<meta property=\"og:site_name\" content=\"Paul Voormann GmbH\" \/>\n<meta property=\"article:modified_time\" content=\"2025-03-09T22:40:45+00:00\" \/>\n<meta name=\"twitter:card\" content=\"summary_large_image\" \/>\n<meta name=\"twitter:label1\" content=\"Est. reading time\" \/>\n\t<meta name=\"twitter:data1\" content=\"3 minutes\" \/>\n<script type=\"application\/ld+json\" class=\"yoast-schema-graph\">{\"@context\":\"https:\/\/schema.org\",\"@graph\":[{\"@type\":\"WebPage\",\"@id\":\"https:\/\/paul-voormann.com\/en\/imprint\/\",\"url\":\"https:\/\/paul-voormann.com\/en\/imprint\/\",\"name\":\"Imprint - Paul Voormann GmbH\",\"isPartOf\":{\"@id\":\"https:\/\/paul-voormann.com\/de\/#website\"},\"datePublished\":\"2018-01-05T10:57:59+00:00\",\"dateModified\":\"2025-03-09T22:40:45+00:00\",\"breadcrumb\":{\"@id\":\"https:\/\/paul-voormann.com\/en\/imprint\/#breadcrumb\"},\"inLanguage\":\"en-US\",\"potentialAction\":[{\"@type\":\"ReadAction\",\"target\":[\"https:\/\/paul-voormann.com\/en\/imprint\/\"]}]},{\"@type\":\"BreadcrumbList\",\"@id\":\"https:\/\/paul-voormann.com\/en\/imprint\/#breadcrumb\",\"itemListElement\":[{\"@type\":\"ListItem\",\"position\":1,\"name\":\"Startseite\",\"item\":\"https:\/\/paul-voormann.com\/de\/\"},{\"@type\":\"ListItem\",\"position\":2,\"name\":\"Imprint\"}]},{\"@type\":\"WebSite\",\"@id\":\"https:\/\/paul-voormann.com\/de\/#website\",\"url\":\"https:\/\/paul-voormann.com\/de\/\",\"name\":\"Paul Voormann GmbH\",\"description\":\"Zum Schutz Ihrer Haut\",\"publisher\":{\"@id\":\"https:\/\/paul-voormann.com\/de\/#organization\"},\"potentialAction\":[{\"@type\":\"SearchAction\",\"target\":{\"@type\":\"EntryPoint\",\"urlTemplate\":\"https:\/\/paul-voormann.com\/de\/?s={search_term_string}\"},\"query-input\":{\"@type\":\"PropertyValueSpecification\",\"valueRequired\":true,\"valueName\":\"search_term_string\"}}],\"inLanguage\":\"en-US\"},{\"@type\":\"Organization\",\"@id\":\"https:\/\/paul-voormann.com\/de\/#organization\",\"name\":\"Paul Voormann GmbH\",\"url\":\"https:\/\/paul-voormann.com\/de\/\",\"logo\":{\"@type\":\"ImageObject\",\"inLanguage\":\"en-US\",\"@id\":\"https:\/\/paul-voormann.com\/de\/#\/schema\/logo\/image\/\",\"url\":\"https:\/\/paul-voormann.com\/wp-content\/uploads\/2021\/02\/paulvoormann_logo_full_pfade-2.png\",\"contentUrl\":\"https:\/\/paul-voormann.com\/wp-content\/uploads\/2021\/02\/paulvoormann_logo_full_pfade-2.png\",\"width\":512,\"height\":78,\"caption\":\"Paul Voormann GmbH\"},\"image\":{\"@id\":\"https:\/\/paul-voormann.com\/de\/#\/schema\/logo\/image\/\"}}]}<\/script>\n<!-- \/ Yoast SEO plugin. -->","yoast_head_json":{"title":"Imprint - Paul Voormann GmbH","robots":{"index":"index","follow":"follow","max-snippet":"max-snippet:-1","max-image-preview":"max-image-preview:large","max-video-preview":"max-video-preview:-1"},"canonical":"https:\/\/paul-voormann.com\/en\/imprint\/","og_locale":"en_US","og_type":"article","og_title":"Imprint - Paul Voormann GmbH","og_description":"Imprint Paul Voormann GmbH Siemensstra\u00dfe 4242551 Velbert Phone +49 (0) 2051 22086Fax +49 (0) 2051 21998E-Mail info@paul-voormann.com Managing Directors: Thea L\u00f6psinger, Tobias L\u00f6psinger VAT No.: 13958270051EG No.: DE121542920Commercial Registry: Amtsgericht WuppertalCommercial Registry Number: HRB 17448Disclaimer The content and design of this website is protected by copyright and other laws protecting intellectual property. No part of [&hellip;]","og_url":"https:\/\/paul-voormann.com\/en\/imprint\/","og_site_name":"Paul Voormann GmbH","article_modified_time":"2025-03-09T22:40:45+00:00","twitter_card":"summary_large_image","twitter_misc":{"Est. reading time":"3 minutes"},"schema":{"@context":"https:\/\/schema.org","@graph":[{"@type":"WebPage","@id":"https:\/\/paul-voormann.com\/en\/imprint\/","url":"https:\/\/paul-voormann.com\/en\/imprint\/","name":"Imprint - Paul Voormann GmbH","isPartOf":{"@id":"https:\/\/paul-voormann.com\/de\/#website"},"datePublished":"2018-01-05T10:57:59+00:00","dateModified":"2025-03-09T22:40:45+00:00","breadcrumb":{"@id":"https:\/\/paul-voormann.com\/en\/imprint\/#breadcrumb"},"inLanguage":"en-US","potentialAction":[{"@type":"ReadAction","target":["https:\/\/paul-voormann.com\/en\/imprint\/"]}]},{"@type":"BreadcrumbList","@id":"https:\/\/paul-voormann.com\/en\/imprint\/#breadcrumb","itemListElement":[{"@type":"ListItem","position":1,"name":"Startseite","item":"https:\/\/paul-voormann.com\/de\/"},{"@type":"ListItem","position":2,"name":"Imprint"}]},{"@type":"WebSite","@id":"https:\/\/paul-voormann.com\/de\/#website","url":"https:\/\/paul-voormann.com\/de\/","name":"Paul Voormann GmbH","description":"Zum Schutz Ihrer Haut","publisher":{"@id":"https:\/\/paul-voormann.com\/de\/#organization"},"potentialAction":[{"@type":"SearchAction","target":{"@type":"EntryPoint","urlTemplate":"https:\/\/paul-voormann.com\/de\/?s={search_term_string}"},"query-input":{"@type":"PropertyValueSpecification","valueRequired":true,"valueName":"search_term_string"}}],"inLanguage":"en-US"},{"@type":"Organization","@id":"https:\/\/paul-voormann.com\/de\/#organization","name":"Paul Voormann GmbH","url":"https:\/\/paul-voormann.com\/de\/","logo":{"@type":"ImageObject","inLanguage":"en-US","@id":"https:\/\/paul-voormann.com\/de\/#\/schema\/logo\/image\/","url":"https:\/\/paul-voormann.com\/wp-content\/uploads\/2021\/02\/paulvoormann_logo_full_pfade-2.png","contentUrl":"https:\/\/paul-voormann.com\/wp-content\/uploads\/2021\/02\/paulvoormann_logo_full_pfade-2.png","width":512,"height":78,"caption":"Paul Voormann GmbH"},"image":{"@id":"https:\/\/paul-voormann.com\/de\/#\/schema\/logo\/image\/"}}]}},"_links":{"self":[{"href":"https:\/\/paul-voormann.com\/en\/wp-json\/wp\/v2\/pages\/1619"}],"collection":[{"href":"https:\/\/paul-voormann.com\/en\/wp-json\/wp\/v2\/pages"}],"about":[{"href":"https:\/\/paul-voormann.com\/en\/wp-json\/wp\/v2\/types\/page"}],"author":[{"embeddable":true,"href":"https:\/\/paul-voormann.com\/en\/wp-json\/wp\/v2\/users\/6"}],"replies":[{"embeddable":true,"href":"https:\/\/paul-voormann.com\/en\/wp-json\/wp\/v2\/comments?post=1619"}],"version-history":[{"count":8,"href":"https:\/\/paul-voormann.com\/en\/wp-json\/wp\/v2\/pages\/1619\/revisions"}],"predecessor-version":[{"id":6557,"href":"https:\/\/paul-voormann.com\/en\/wp-json\/wp\/v2\/pages\/1619\/revisions\/6557"}],"wp:attachment":[{"href":"https:\/\/paul-voormann.com\/en\/wp-json\/wp\/v2\/media?parent=1619"}],"curies":[{"name":"wp","href":"https:\/\/api.w.org\/{rel}","templated":true}]}}